{"id":87401,"date":"2024-08-30T16:17:44","date_gmt":"2024-08-30T14:17:44","guid":{"rendered":"https:\/\/www.romecityinstitute.com\/?post_type=product&#038;p=87401"},"modified":"2025-11-10T11:15:50","modified_gmt":"2025-11-10T10:15:50","slug":"water-bottle","status":"publish","type":"product","link":"https:\/\/www.romecityinstitute.com\/it\/prodotto\/water-bottle\/","title":{"rendered":"Bottiglia d&#039;acqua"},"content":{"rendered":"","protected":false},"excerpt":{"rendered":"<p>Questa bottiglia termica da 500 ml del Rome City Institute \u00e8 realizzata in acciaio inossidabile riciclato, unendo sostenibilit\u00e0 e stile. Dotata di una comoda cannuccia, \u00e8 perfetta per mantenere le bevande alla temperatura ideale per tutto il giorno. Il colore blu oceano aggiunge un tocco di eleganza, mentre il design robusto e funzionale garantisce durata e praticit\u00e0. Ideale per chi cerca una soluzione di idratazione ecologica ed elegante in movimento, questa bottiglia incarna l&#039;impegno del Rome City Institute per la responsabilit\u00e0 ambientale e la qualit\u00e0.<\/p>","protected":false},"featured_media":87402,"template":"","meta":{"_acf_changed":false,"_monsterinsights_skip_tracking":false,"_monsterinsights_sitenote_active":false,"_monsterinsights_sitenote_note":"","_monsterinsights_sitenote_category":0},"product_brand":[],"product_cat":[15],"product_tag":[109],"class_list":{"0":"post-87401","1":"product","2":"type-product","3":"status-publish","4":"has-post-thumbnail","6":"product_cat-senza-categoria","7":"product_tag-water-bottle","9":"first","10":"instock","11":"shipping-taxable","12":"purchasable","13":"product-type-simple"},"acf":[],"yoast_head":"<!-- This site is optimized with the Yoast SEO plugin v26.5 - https:\/\/yoast.com\/wordpress\/plugins\/seo\/ -->\n<title>Water Bottle - Rome City Institute<\/title>\n<meta name=\"description\" content=\"This 500 ml thermal bottle from Rome City Institute is made from recycled stainless steel, combining sustainability with style.\" \/>\n<meta name=\"robots\" content=\"index, follow, max-snippet:-1, max-image-preview:large, max-video-preview:-1\" \/>\n<link rel=\"canonical\" href=\"https:\/\/www.romecityinstitute.com\/it\/prodotto\/water-bottle\/\" \/>\n<meta property=\"og:locale\" content=\"it_IT\" \/>\n<meta property=\"og:type\" content=\"article\" \/>\n<meta property=\"og:title\" content=\"Water Bottle - Rome City Institute\" \/>\n<meta property=\"og:description\" content=\"This 500 ml thermal bottle from Rome City Institute is made from recycled stainless steel, combining sustainability with style.\" \/>\n<meta property=\"og:url\" content=\"https:\/\/www.romecityinstitute.com\/it\/prodotto\/water-bottle\/\" \/>\n<meta property=\"og:site_name\" content=\"Rome City Institute\" \/>\n<meta property=\"article:publisher\" content=\"https:\/\/www.facebook.com\/OfficialRomeCity\" \/>\n<meta property=\"article:modified_time\" content=\"2025-11-10T10:15:50+00:00\" \/>\n<meta property=\"og:image\" content=\"https:\/\/www.romecityinstitute.com\/wp-content\/uploads\/2024\/08\/4.png\" \/>\n\t<meta property=\"og:image:width\" content=\"1080\" \/>\n\t<meta property=\"og:image:height\" content=\"1080\" \/>\n\t<meta property=\"og:image:type\" content=\"image\/png\" \/>\n<meta name=\"twitter:card\" content=\"summary_large_image\" \/>\n<meta name=\"twitter:site\" content=\"@RomeCityInst\" \/>\n<meta name=\"twitter:label1\" content=\"Tempo di lettura stimato\" \/>\n\t<meta name=\"twitter:data1\" content=\"1 minuto\" \/>\n<script type=\"application\/ld+json\" class=\"yoast-schema-graph\">{\"@context\":\"https:\/\/schema.org\",\"@graph\":[{\"@type\":\"WebPage\",\"@id\":\"https:\/\/www.romecityinstitute.com\/product\/water-bottle\/\",\"url\":\"https:\/\/www.romecityinstitute.com\/product\/water-bottle\/\",\"name\":\"Water Bottle - Rome City Institute\",\"isPartOf\":{\"@id\":\"https:\/\/www.romecityinstitute.com\/#website\"},\"primaryImageOfPage\":{\"@id\":\"https:\/\/www.romecityinstitute.com\/product\/water-bottle\/#primaryimage\"},\"image\":{\"@id\":\"https:\/\/www.romecityinstitute.com\/product\/water-bottle\/#primaryimage\"},\"thumbnailUrl\":\"https:\/\/www.romecityinstitute.com\/wp-content\/uploads\/2024\/08\/4.png\",\"datePublished\":\"2024-08-30T14:17:44+00:00\",\"dateModified\":\"2025-11-10T10:15:50+00:00\",\"description\":\"This 500 ml thermal bottle from Rome City Institute is made from recycled stainless steel, combining sustainability with style.\",\"breadcrumb\":{\"@id\":\"https:\/\/www.romecityinstitute.com\/product\/water-bottle\/#breadcrumb\"},\"inLanguage\":\"it-IT\",\"potentialAction\":[{\"@type\":\"ReadAction\",\"target\":[\"https:\/\/www.romecityinstitute.com\/product\/water-bottle\/\"]}]},{\"@type\":\"ImageObject\",\"inLanguage\":\"it-IT\",\"@id\":\"https:\/\/www.romecityinstitute.com\/product\/water-bottle\/#primaryimage\",\"url\":\"https:\/\/www.romecityinstitute.com\/wp-content\/uploads\/2024\/08\/4.png\",\"contentUrl\":\"https:\/\/www.romecityinstitute.com\/wp-content\/uploads\/2024\/08\/4.png\",\"width\":1080,\"height\":1080},{\"@type\":\"BreadcrumbList\",\"@id\":\"https:\/\/www.romecityinstitute.com\/product\/water-bottle\/#breadcrumb\",\"itemListElement\":[{\"@type\":\"ListItem\",\"position\":1,\"name\":\"Home\",\"item\":\"https:\/\/www.romecityinstitute.com\/\"},{\"@type\":\"ListItem\",\"position\":2,\"name\":\"Shop\",\"item\":\"https:\/\/www.romecityinstitute.com\/shop\/\"},{\"@type\":\"ListItem\",\"position\":3,\"name\":\"Water Bottle\"}]},{\"@type\":\"WebSite\",\"@id\":\"https:\/\/www.romecityinstitute.com\/#website\",\"url\":\"https:\/\/www.romecityinstitute.com\/\",\"name\":\"Rome City Institute\",\"description\":\"\",\"publisher\":{\"@id\":\"https:\/\/www.romecityinstitute.com\/#organization\"},\"potentialAction\":[{\"@type\":\"SearchAction\",\"target\":{\"@type\":\"EntryPoint\",\"urlTemplate\":\"https:\/\/www.romecityinstitute.com\/?s={search_term_string}\"},\"query-input\":{\"@type\":\"PropertyValueSpecification\",\"valueRequired\":true,\"valueName\":\"search_term_string\"}}],\"inLanguage\":\"it-IT\"},{\"@type\":\"Organization\",\"@id\":\"https:\/\/www.romecityinstitute.com\/#organization\",\"name\":\"Rome City Institute\",\"url\":\"https:\/\/www.romecityinstitute.com\/\",\"logo\":{\"@type\":\"ImageObject\",\"inLanguage\":\"it-IT\",\"@id\":\"https:\/\/www.romecityinstitute.com\/#\/schema\/logo\/image\/\",\"url\":\"https:\/\/www.romecityinstitute.com\/wp-content\/uploads\/2022\/11\/ROME_CITY_INSTITUTE_HORIZONTAL_LOGO_POSITIVE_RGB-4.png\",\"contentUrl\":\"https:\/\/www.romecityinstitute.com\/wp-content\/uploads\/2022\/11\/ROME_CITY_INSTITUTE_HORIZONTAL_LOGO_POSITIVE_RGB-4.png\",\"width\":5086,\"height\":1536,\"caption\":\"Rome City Institute\"},\"image\":{\"@id\":\"https:\/\/www.romecityinstitute.com\/#\/schema\/logo\/image\/\"},\"sameAs\":[\"https:\/\/www.facebook.com\/OfficialRomeCity\",\"https:\/\/x.com\/RomeCityInst\",\"https:\/\/www.instagram.com\/romecityinstitute\/\"]}]}<\/script>\n<!-- \/ Yoast SEO plugin. -->","yoast_head_json":{"title":"Borraccia - Istituto Comunale di Roma","description":"Questa bottiglia termica da 500 ml del Rome City Institute \u00e8 realizzata in acciaio inossidabile riciclato, coniugando sostenibilit\u00e0 e stile.","robots":{"index":"index","follow":"follow","max-snippet":"max-snippet:-1","max-image-preview":"max-image-preview:large","max-video-preview":"max-video-preview:-1"},"canonical":"https:\/\/www.romecityinstitute.com\/it\/prodotto\/water-bottle\/","og_locale":"it_IT","og_type":"article","og_title":"Water Bottle - Rome City Institute","og_description":"This 500 ml thermal bottle from Rome City Institute is made from recycled stainless steel, combining sustainability with style.","og_url":"https:\/\/www.romecityinstitute.com\/it\/prodotto\/water-bottle\/","og_site_name":"Rome City Institute","article_publisher":"https:\/\/www.facebook.com\/OfficialRomeCity","article_modified_time":"2025-11-10T10:15:50+00:00","og_image":[{"width":1080,"height":1080,"url":"https:\/\/www.romecityinstitute.com\/wp-content\/uploads\/2024\/08\/4.png","type":"image\/png"}],"twitter_card":"summary_large_image","twitter_site":"@RomeCityInst","twitter_misc":{"Tempo di lettura stimato":"1 minuto"},"schema":{"@context":"https:\/\/schema.org","@graph":[{"@type":"WebPage","@id":"https:\/\/www.romecityinstitute.com\/product\/water-bottle\/","url":"https:\/\/www.romecityinstitute.com\/product\/water-bottle\/","name":"Borraccia - Istituto Comunale di Roma","isPartOf":{"@id":"https:\/\/www.romecityinstitute.com\/#website"},"primaryImageOfPage":{"@id":"https:\/\/www.romecityinstitute.com\/product\/water-bottle\/#primaryimage"},"image":{"@id":"https:\/\/www.romecityinstitute.com\/product\/water-bottle\/#primaryimage"},"thumbnailUrl":"https:\/\/www.romecityinstitute.com\/wp-content\/uploads\/2024\/08\/4.png","datePublished":"2024-08-30T14:17:44+00:00","dateModified":"2025-11-10T10:15:50+00:00","description":"Questa bottiglia termica da 500 ml del Rome City Institute \u00e8 realizzata in acciaio inossidabile riciclato, coniugando sostenibilit\u00e0 e stile.","breadcrumb":{"@id":"https:\/\/www.romecityinstitute.com\/product\/water-bottle\/#breadcrumb"},"inLanguage":"it-IT","potentialAction":[{"@type":"ReadAction","target":["https:\/\/www.romecityinstitute.com\/product\/water-bottle\/"]}]},{"@type":"ImageObject","inLanguage":"it-IT","@id":"https:\/\/www.romecityinstitute.com\/product\/water-bottle\/#primaryimage","url":"https:\/\/www.romecityinstitute.com\/wp-content\/uploads\/2024\/08\/4.png","contentUrl":"https:\/\/www.romecityinstitute.com\/wp-content\/uploads\/2024\/08\/4.png","width":1080,"height":1080},{"@type":"BreadcrumbList","@id":"https:\/\/www.romecityinstitute.com\/product\/water-bottle\/#breadcrumb","itemListElement":[{"@type":"ListItem","position":1,"name":"Home","item":"https:\/\/www.romecityinstitute.com\/"},{"@type":"ListItem","position":2,"name":"Shop","item":"https:\/\/www.romecityinstitute.com\/shop\/"},{"@type":"ListItem","position":3,"name":"Water Bottle"}]},{"@type":"WebSite","@id":"https:\/\/www.romecityinstitute.com\/#website","url":"https:\/\/www.romecityinstitute.com\/","name":"Rome City Institute","description":"","publisher":{"@id":"https:\/\/www.romecityinstitute.com\/#organization"},"potentialAction":[{"@type":"SearchAction","target":{"@type":"EntryPoint","urlTemplate":"https:\/\/www.romecityinstitute.com\/?s={search_term_string}"},"query-input":{"@type":"PropertyValueSpecification","valueRequired":true,"valueName":"search_term_string"}}],"inLanguage":"it-IT"},{"@type":"Organization","@id":"https:\/\/www.romecityinstitute.com\/#organization","name":"Rome City Institute","url":"https:\/\/www.romecityinstitute.com\/","logo":{"@type":"ImageObject","inLanguage":"it-IT","@id":"https:\/\/www.romecityinstitute.com\/#\/schema\/logo\/image\/","url":"https:\/\/www.romecityinstitute.com\/wp-content\/uploads\/2022\/11\/ROME_CITY_INSTITUTE_HORIZONTAL_LOGO_POSITIVE_RGB-4.png","contentUrl":"https:\/\/www.romecityinstitute.com\/wp-content\/uploads\/2022\/11\/ROME_CITY_INSTITUTE_HORIZONTAL_LOGO_POSITIVE_RGB-4.png","width":5086,"height":1536,"caption":"Rome City Institute"},"image":{"@id":"https:\/\/www.romecityinstitute.com\/#\/schema\/logo\/image\/"},"sameAs":["https:\/\/www.facebook.com\/OfficialRomeCity","https:\/\/x.com\/RomeCityInst","https:\/\/www.instagram.com\/romecityinstitute\/"]}]}},"_links":{"self":[{"href":"https:\/\/www.romecityinstitute.com\/it\/wp-json\/wp\/v2\/product\/87401","targetHints":{"allow":["GET"]}}],"collection":[{"href":"https:\/\/www.romecityinstitute.com\/it\/wp-json\/wp\/v2\/product"}],"about":[{"href":"https:\/\/www.romecityinstitute.com\/it\/wp-json\/wp\/v2\/types\/product"}],"version-history":[{"count":2,"href":"https:\/\/www.romecityinstitute.com\/it\/wp-json\/wp\/v2\/product\/87401\/revisions"}],"predecessor-version":[{"id":91568,"href":"https:\/\/www.romecityinstitute.com\/it\/wp-json\/wp\/v2\/product\/87401\/revisions\/91568"}],"wp:featuredmedia":[{"embeddable":true,"href":"https:\/\/www.romecityinstitute.com\/it\/wp-json\/wp\/v2\/media\/87402"}],"wp:attachment":[{"href":"https:\/\/www.romecityinstitute.com\/it\/wp-json\/wp\/v2\/media?parent=87401"}],"wp:term":[{"taxonomy":"product_brand","embeddable":true,"href":"https:\/\/www.romecityinstitute.com\/it\/wp-json\/wp\/v2\/product_brand?post=87401"},{"taxonomy":"product_cat","embeddable":true,"href":"https:\/\/www.romecityinstitute.com\/it\/wp-json\/wp\/v2\/product_cat?post=87401"},{"taxonomy":"product_tag","embeddable":true,"href":"https:\/\/www.romecityinstitute.com\/it\/wp-json\/wp\/v2\/product_tag?post=87401"}],"curies":[{"name":"wp","href":"https:\/\/api.w.org\/{rel}","templated":true}]}}