{"id":87398,"date":"2024-08-30T16:01:59","date_gmt":"2024-08-30T14:01:59","guid":{"rendered":"https:\/\/www.romecityinstitute.com\/?post_type=product&#038;p=87398"},"modified":"2024-10-09T11:38:14","modified_gmt":"2024-10-09T09:38:14","slug":"coffee-mug","status":"publish","type":"product","link":"https:\/\/www.romecityinstitute.com\/it\/prodotto\/coffee-mug\/","title":{"rendered":"Tazza da caff\u00e8"},"content":{"rendered":"","protected":false},"excerpt":{"rendered":"<p>Questa tazza da caff\u00e8 in ceramica del Rome City Institute, con una capacit\u00e0 di 300 ml, \u00e8 perfetta per iniziare la giornata con stile. Parte della collezione Basic Colors, \u00e8 disponibile in un elegante blu che aggiunge un tocco di raffinatezza a ogni sorso. Confezionata singolarmente, \u00e8 ideale per l&#039;uso quotidiano o come regalo. Realizzata con materiali di alta qualit\u00e0, questa tazza unisce funzionalit\u00e0 e design, rappresentando perfettamente lo spirito e l&#039;eleganza del Rome City Institute.<\/p>","protected":false},"featured_media":87399,"template":"","meta":{"_acf_changed":false,"_monsterinsights_skip_tracking":false,"_monsterinsights_sitenote_active":false,"_monsterinsights_sitenote_note":"","_monsterinsights_sitenote_category":0},"product_brand":[],"product_cat":[15],"product_tag":[108],"class_list":{"0":"post-87398","1":"product","2":"type-product","3":"status-publish","4":"has-post-thumbnail","6":"product_cat-senza-categoria","7":"product_tag-mug","9":"first","10":"instock","11":"shipping-taxable","12":"purchasable","13":"product-type-simple"},"acf":[],"yoast_head":"<!-- This site is optimized with the Yoast SEO plugin v26.5 - https:\/\/yoast.com\/wordpress\/plugins\/seo\/ -->\n<title>Coffee Mug - Rome City Institute<\/title>\n<meta name=\"description\" content=\"This ceramic coffee mug from Rome City Institute, with a 300 ml capacity, is perfect for starting your day in style.\" \/>\n<meta name=\"robots\" content=\"index, follow, max-snippet:-1, max-image-preview:large, max-video-preview:-1\" \/>\n<link rel=\"canonical\" href=\"https:\/\/www.romecityinstitute.com\/it\/prodotto\/coffee-mug\/\" \/>\n<meta property=\"og:locale\" content=\"it_IT\" \/>\n<meta property=\"og:type\" content=\"article\" \/>\n<meta property=\"og:title\" content=\"Coffee Mug - Rome City Institute\" \/>\n<meta property=\"og:description\" content=\"This ceramic coffee mug from Rome City Institute, with a 300 ml capacity, is perfect for starting your day in style.\" \/>\n<meta property=\"og:url\" content=\"https:\/\/www.romecityinstitute.com\/it\/prodotto\/coffee-mug\/\" \/>\n<meta property=\"og:site_name\" content=\"Rome City Institute\" \/>\n<meta property=\"article:publisher\" content=\"https:\/\/www.facebook.com\/OfficialRomeCity\" \/>\n<meta property=\"article:modified_time\" content=\"2024-10-09T09:38:14+00:00\" \/>\n<meta property=\"og:image\" content=\"https:\/\/www.romecityinstitute.com\/wp-content\/uploads\/2024\/08\/Progetto-senza-titolo-9.png\" \/>\n\t<meta property=\"og:image:width\" content=\"1080\" \/>\n\t<meta property=\"og:image:height\" content=\"1080\" \/>\n\t<meta property=\"og:image:type\" content=\"image\/png\" \/>\n<meta name=\"twitter:card\" content=\"summary_large_image\" \/>\n<meta name=\"twitter:site\" content=\"@RomeCityInst\" \/>\n<meta name=\"twitter:label1\" content=\"Tempo di lettura stimato\" \/>\n\t<meta name=\"twitter:data1\" content=\"1 minuto\" \/>\n<script type=\"application\/ld+json\" class=\"yoast-schema-graph\">{\"@context\":\"https:\/\/schema.org\",\"@graph\":[{\"@type\":\"WebPage\",\"@id\":\"https:\/\/www.romecityinstitute.com\/product\/coffee-mug\/\",\"url\":\"https:\/\/www.romecityinstitute.com\/product\/coffee-mug\/\",\"name\":\"Coffee Mug - Rome City Institute\",\"isPartOf\":{\"@id\":\"https:\/\/www.romecityinstitute.com\/#website\"},\"primaryImageOfPage\":{\"@id\":\"https:\/\/www.romecityinstitute.com\/product\/coffee-mug\/#primaryimage\"},\"image\":{\"@id\":\"https:\/\/www.romecityinstitute.com\/product\/coffee-mug\/#primaryimage\"},\"thumbnailUrl\":\"https:\/\/www.romecityinstitute.com\/wp-content\/uploads\/2024\/08\/Progetto-senza-titolo-9.png\",\"datePublished\":\"2024-08-30T14:01:59+00:00\",\"dateModified\":\"2024-10-09T09:38:14+00:00\",\"description\":\"This ceramic coffee mug from Rome City Institute, with a 300 ml capacity, is perfect for starting your day in style.\",\"breadcrumb\":{\"@id\":\"https:\/\/www.romecityinstitute.com\/product\/coffee-mug\/#breadcrumb\"},\"inLanguage\":\"it-IT\",\"potentialAction\":[{\"@type\":\"ReadAction\",\"target\":[\"https:\/\/www.romecityinstitute.com\/product\/coffee-mug\/\"]}]},{\"@type\":\"ImageObject\",\"inLanguage\":\"it-IT\",\"@id\":\"https:\/\/www.romecityinstitute.com\/product\/coffee-mug\/#primaryimage\",\"url\":\"https:\/\/www.romecityinstitute.com\/wp-content\/uploads\/2024\/08\/Progetto-senza-titolo-9.png\",\"contentUrl\":\"https:\/\/www.romecityinstitute.com\/wp-content\/uploads\/2024\/08\/Progetto-senza-titolo-9.png\",\"width\":1080,\"height\":1080},{\"@type\":\"BreadcrumbList\",\"@id\":\"https:\/\/www.romecityinstitute.com\/product\/coffee-mug\/#breadcrumb\",\"itemListElement\":[{\"@type\":\"ListItem\",\"position\":1,\"name\":\"Home\",\"item\":\"https:\/\/www.romecityinstitute.com\/\"},{\"@type\":\"ListItem\",\"position\":2,\"name\":\"Shop\",\"item\":\"https:\/\/www.romecityinstitute.com\/shop\/\"},{\"@type\":\"ListItem\",\"position\":3,\"name\":\"Coffee Mug\"}]},{\"@type\":\"WebSite\",\"@id\":\"https:\/\/www.romecityinstitute.com\/#website\",\"url\":\"https:\/\/www.romecityinstitute.com\/\",\"name\":\"Rome City Institute\",\"description\":\"\",\"publisher\":{\"@id\":\"https:\/\/www.romecityinstitute.com\/#organization\"},\"potentialAction\":[{\"@type\":\"SearchAction\",\"target\":{\"@type\":\"EntryPoint\",\"urlTemplate\":\"https:\/\/www.romecityinstitute.com\/?s={search_term_string}\"},\"query-input\":{\"@type\":\"PropertyValueSpecification\",\"valueRequired\":true,\"valueName\":\"search_term_string\"}}],\"inLanguage\":\"it-IT\"},{\"@type\":\"Organization\",\"@id\":\"https:\/\/www.romecityinstitute.com\/#organization\",\"name\":\"Rome City Institute\",\"url\":\"https:\/\/www.romecityinstitute.com\/\",\"logo\":{\"@type\":\"ImageObject\",\"inLanguage\":\"it-IT\",\"@id\":\"https:\/\/www.romecityinstitute.com\/#\/schema\/logo\/image\/\",\"url\":\"https:\/\/www.romecityinstitute.com\/wp-content\/uploads\/2022\/11\/ROME_CITY_INSTITUTE_HORIZONTAL_LOGO_POSITIVE_RGB-4.png\",\"contentUrl\":\"https:\/\/www.romecityinstitute.com\/wp-content\/uploads\/2022\/11\/ROME_CITY_INSTITUTE_HORIZONTAL_LOGO_POSITIVE_RGB-4.png\",\"width\":5086,\"height\":1536,\"caption\":\"Rome City Institute\"},\"image\":{\"@id\":\"https:\/\/www.romecityinstitute.com\/#\/schema\/logo\/image\/\"},\"sameAs\":[\"https:\/\/www.facebook.com\/OfficialRomeCity\",\"https:\/\/x.com\/RomeCityInst\",\"https:\/\/www.instagram.com\/romecityinstitute\/\"]}]}<\/script>\n<!-- \/ Yoast SEO plugin. -->","yoast_head_json":{"title":"Tazza da caff\u00e8 - Istituto Comunale di Roma","description":"Questa tazza da caff\u00e8 in ceramica del Rome City Institute, con una capacit\u00e0 di 300 ml, \u00e8 perfetta per iniziare la giornata con stile.","robots":{"index":"index","follow":"follow","max-snippet":"max-snippet:-1","max-image-preview":"max-image-preview:large","max-video-preview":"max-video-preview:-1"},"canonical":"https:\/\/www.romecityinstitute.com\/it\/prodotto\/coffee-mug\/","og_locale":"it_IT","og_type":"article","og_title":"Coffee Mug - Rome City Institute","og_description":"This ceramic coffee mug from Rome City Institute, with a 300 ml capacity, is perfect for starting your day in style.","og_url":"https:\/\/www.romecityinstitute.com\/it\/prodotto\/coffee-mug\/","og_site_name":"Rome City Institute","article_publisher":"https:\/\/www.facebook.com\/OfficialRomeCity","article_modified_time":"2024-10-09T09:38:14+00:00","og_image":[{"width":1080,"height":1080,"url":"https:\/\/www.romecityinstitute.com\/wp-content\/uploads\/2024\/08\/Progetto-senza-titolo-9.png","type":"image\/png"}],"twitter_card":"summary_large_image","twitter_site":"@RomeCityInst","twitter_misc":{"Tempo di lettura stimato":"1 minuto"},"schema":{"@context":"https:\/\/schema.org","@graph":[{"@type":"WebPage","@id":"https:\/\/www.romecityinstitute.com\/product\/coffee-mug\/","url":"https:\/\/www.romecityinstitute.com\/product\/coffee-mug\/","name":"Tazza da caff\u00e8 - Istituto Comunale di Roma","isPartOf":{"@id":"https:\/\/www.romecityinstitute.com\/#website"},"primaryImageOfPage":{"@id":"https:\/\/www.romecityinstitute.com\/product\/coffee-mug\/#primaryimage"},"image":{"@id":"https:\/\/www.romecityinstitute.com\/product\/coffee-mug\/#primaryimage"},"thumbnailUrl":"https:\/\/www.romecityinstitute.com\/wp-content\/uploads\/2024\/08\/Progetto-senza-titolo-9.png","datePublished":"2024-08-30T14:01:59+00:00","dateModified":"2024-10-09T09:38:14+00:00","description":"Questa tazza da caff\u00e8 in ceramica del Rome City Institute, con una capacit\u00e0 di 300 ml, \u00e8 perfetta per iniziare la giornata con stile.","breadcrumb":{"@id":"https:\/\/www.romecityinstitute.com\/product\/coffee-mug\/#breadcrumb"},"inLanguage":"it-IT","potentialAction":[{"@type":"ReadAction","target":["https:\/\/www.romecityinstitute.com\/product\/coffee-mug\/"]}]},{"@type":"ImageObject","inLanguage":"it-IT","@id":"https:\/\/www.romecityinstitute.com\/product\/coffee-mug\/#primaryimage","url":"https:\/\/www.romecityinstitute.com\/wp-content\/uploads\/2024\/08\/Progetto-senza-titolo-9.png","contentUrl":"https:\/\/www.romecityinstitute.com\/wp-content\/uploads\/2024\/08\/Progetto-senza-titolo-9.png","width":1080,"height":1080},{"@type":"BreadcrumbList","@id":"https:\/\/www.romecityinstitute.com\/product\/coffee-mug\/#breadcrumb","itemListElement":[{"@type":"ListItem","position":1,"name":"Home","item":"https:\/\/www.romecityinstitute.com\/"},{"@type":"ListItem","position":2,"name":"Shop","item":"https:\/\/www.romecityinstitute.com\/shop\/"},{"@type":"ListItem","position":3,"name":"Coffee Mug"}]},{"@type":"WebSite","@id":"https:\/\/www.romecityinstitute.com\/#website","url":"https:\/\/www.romecityinstitute.com\/","name":"Rome City Institute","description":"","publisher":{"@id":"https:\/\/www.romecityinstitute.com\/#organization"},"potentialAction":[{"@type":"SearchAction","target":{"@type":"EntryPoint","urlTemplate":"https:\/\/www.romecityinstitute.com\/?s={search_term_string}"},"query-input":{"@type":"PropertyValueSpecification","valueRequired":true,"valueName":"search_term_string"}}],"inLanguage":"it-IT"},{"@type":"Organization","@id":"https:\/\/www.romecityinstitute.com\/#organization","name":"Rome City Institute","url":"https:\/\/www.romecityinstitute.com\/","logo":{"@type":"ImageObject","inLanguage":"it-IT","@id":"https:\/\/www.romecityinstitute.com\/#\/schema\/logo\/image\/","url":"https:\/\/www.romecityinstitute.com\/wp-content\/uploads\/2022\/11\/ROME_CITY_INSTITUTE_HORIZONTAL_LOGO_POSITIVE_RGB-4.png","contentUrl":"https:\/\/www.romecityinstitute.com\/wp-content\/uploads\/2022\/11\/ROME_CITY_INSTITUTE_HORIZONTAL_LOGO_POSITIVE_RGB-4.png","width":5086,"height":1536,"caption":"Rome City Institute"},"image":{"@id":"https:\/\/www.romecityinstitute.com\/#\/schema\/logo\/image\/"},"sameAs":["https:\/\/www.facebook.com\/OfficialRomeCity","https:\/\/x.com\/RomeCityInst","https:\/\/www.instagram.com\/romecityinstitute\/"]}]}},"_links":{"self":[{"href":"https:\/\/www.romecityinstitute.com\/it\/wp-json\/wp\/v2\/product\/87398","targetHints":{"allow":["GET"]}}],"collection":[{"href":"https:\/\/www.romecityinstitute.com\/it\/wp-json\/wp\/v2\/product"}],"about":[{"href":"https:\/\/www.romecityinstitute.com\/it\/wp-json\/wp\/v2\/types\/product"}],"version-history":[{"count":1,"href":"https:\/\/www.romecityinstitute.com\/it\/wp-json\/wp\/v2\/product\/87398\/revisions"}],"predecessor-version":[{"id":87400,"href":"https:\/\/www.romecityinstitute.com\/it\/wp-json\/wp\/v2\/product\/87398\/revisions\/87400"}],"wp:featuredmedia":[{"embeddable":true,"href":"https:\/\/www.romecityinstitute.com\/it\/wp-json\/wp\/v2\/media\/87399"}],"wp:attachment":[{"href":"https:\/\/www.romecityinstitute.com\/it\/wp-json\/wp\/v2\/media?parent=87398"}],"wp:term":[{"taxonomy":"product_brand","embeddable":true,"href":"https:\/\/www.romecityinstitute.com\/it\/wp-json\/wp\/v2\/product_brand?post=87398"},{"taxonomy":"product_cat","embeddable":true,"href":"https:\/\/www.romecityinstitute.com\/it\/wp-json\/wp\/v2\/product_cat?post=87398"},{"taxonomy":"product_tag","embeddable":true,"href":"https:\/\/www.romecityinstitute.com\/it\/wp-json\/wp\/v2\/product_tag?post=87398"}],"curies":[{"name":"wp","href":"https:\/\/api.w.org\/{rel}","templated":true}]}}