{"id":87392,"date":"2024-08-30T15:55:25","date_gmt":"2024-08-30T13:55:25","guid":{"rendered":"https:\/\/www.romecityinstitute.com\/?post_type=product&#038;p=87392"},"modified":"2024-08-30T15:55:25","modified_gmt":"2024-08-30T13:55:25","slug":"shopper","status":"publish","type":"product","link":"https:\/\/www.romecityinstitute.com\/it\/prodotto\/shopper\/","title":{"rendered":"Acquirente"},"content":{"rendered":"","protected":false},"excerpt":{"rendered":"<p>Questa borsa shopping dell&#039;Universit\u00e0 Rome City Institute \u00e8 realizzata in cotone di alta qualit\u00e0 da 140 g\/m\u00b2, resistente e sostenibile. Il tessuto EcoColor Plus, in un elegante blu oltremare, garantisce un colore vivace e duraturo. I lunghi manici offrono un comfort ottimale durante il trasporto. Ideale per chi cerca una borsa pratica ed ecologica, perfetta per trasportare libri, documenti o fare shopping con stile.<\/p>","protected":false},"featured_media":87393,"template":"","meta":{"_acf_changed":false,"_monsterinsights_skip_tracking":false,"_monsterinsights_sitenote_active":false,"_monsterinsights_sitenote_note":"","_monsterinsights_sitenote_category":0},"product_brand":[],"product_cat":[82],"product_tag":[106],"class_list":{"0":"post-87392","1":"product","2":"type-product","3":"status-publish","4":"has-post-thumbnail","6":"product_cat-bags-and-backpacks","7":"product_tag-shopper","9":"first","10":"instock","11":"shipping-taxable","12":"purchasable","13":"product-type-simple"},"acf":[],"yoast_head":"<!-- This site is optimized with the Yoast SEO plugin v26.5 - https:\/\/yoast.com\/wordpress\/plugins\/seo\/ -->\n<title>Shopper - Rome City Institute<\/title>\n<meta name=\"description\" content=\"This shopping bag from the Rome City Institute University is made from high-quality 140 g\/m\u00b2 cotton, durable and sustainable.\" \/>\n<meta name=\"robots\" content=\"index, follow, max-snippet:-1, max-image-preview:large, max-video-preview:-1\" \/>\n<link rel=\"canonical\" href=\"https:\/\/www.romecityinstitute.com\/it\/prodotto\/shopper\/\" \/>\n<meta property=\"og:locale\" content=\"it_IT\" \/>\n<meta property=\"og:type\" content=\"article\" \/>\n<meta property=\"og:title\" content=\"Shopper - Rome City Institute\" \/>\n<meta property=\"og:description\" content=\"This shopping bag from the Rome City Institute University is made from high-quality 140 g\/m\u00b2 cotton, durable and sustainable.\" \/>\n<meta property=\"og:url\" content=\"https:\/\/www.romecityinstitute.com\/it\/prodotto\/shopper\/\" \/>\n<meta property=\"og:site_name\" content=\"Rome City Institute\" \/>\n<meta property=\"article:publisher\" content=\"https:\/\/www.facebook.com\/OfficialRomeCity\" \/>\n<meta property=\"og:image\" content=\"https:\/\/www.romecityinstitute.com\/wp-content\/uploads\/2024\/08\/3.png\" \/>\n\t<meta property=\"og:image:width\" content=\"1080\" \/>\n\t<meta property=\"og:image:height\" content=\"1080\" \/>\n\t<meta property=\"og:image:type\" content=\"image\/png\" \/>\n<meta name=\"twitter:card\" content=\"summary_large_image\" \/>\n<meta name=\"twitter:site\" content=\"@RomeCityInst\" \/>\n<meta name=\"twitter:label1\" content=\"Tempo di lettura stimato\" \/>\n\t<meta name=\"twitter:data1\" content=\"1 minuto\" \/>\n<script type=\"application\/ld+json\" class=\"yoast-schema-graph\">{\"@context\":\"https:\/\/schema.org\",\"@graph\":[{\"@type\":\"WebPage\",\"@id\":\"https:\/\/www.romecityinstitute.com\/product\/shopper\/\",\"url\":\"https:\/\/www.romecityinstitute.com\/product\/shopper\/\",\"name\":\"Shopper - Rome City Institute\",\"isPartOf\":{\"@id\":\"https:\/\/www.romecityinstitute.com\/#website\"},\"primaryImageOfPage\":{\"@id\":\"https:\/\/www.romecityinstitute.com\/product\/shopper\/#primaryimage\"},\"image\":{\"@id\":\"https:\/\/www.romecityinstitute.com\/product\/shopper\/#primaryimage\"},\"thumbnailUrl\":\"https:\/\/www.romecityinstitute.com\/wp-content\/uploads\/2024\/08\/3.png\",\"datePublished\":\"2024-08-30T13:55:25+00:00\",\"description\":\"This shopping bag from the Rome City Institute University is made from high-quality 140 g\/m\u00b2 cotton, durable and sustainable.\",\"breadcrumb\":{\"@id\":\"https:\/\/www.romecityinstitute.com\/product\/shopper\/#breadcrumb\"},\"inLanguage\":\"it-IT\",\"potentialAction\":[{\"@type\":\"ReadAction\",\"target\":[\"https:\/\/www.romecityinstitute.com\/product\/shopper\/\"]}]},{\"@type\":\"ImageObject\",\"inLanguage\":\"it-IT\",\"@id\":\"https:\/\/www.romecityinstitute.com\/product\/shopper\/#primaryimage\",\"url\":\"https:\/\/www.romecityinstitute.com\/wp-content\/uploads\/2024\/08\/3.png\",\"contentUrl\":\"https:\/\/www.romecityinstitute.com\/wp-content\/uploads\/2024\/08\/3.png\",\"width\":1080,\"height\":1080},{\"@type\":\"BreadcrumbList\",\"@id\":\"https:\/\/www.romecityinstitute.com\/product\/shopper\/#breadcrumb\",\"itemListElement\":[{\"@type\":\"ListItem\",\"position\":1,\"name\":\"Home\",\"item\":\"https:\/\/www.romecityinstitute.com\/\"},{\"@type\":\"ListItem\",\"position\":2,\"name\":\"Shop\",\"item\":\"https:\/\/www.romecityinstitute.com\/shop\/\"},{\"@type\":\"ListItem\",\"position\":3,\"name\":\"Shopper\"}]},{\"@type\":\"WebSite\",\"@id\":\"https:\/\/www.romecityinstitute.com\/#website\",\"url\":\"https:\/\/www.romecityinstitute.com\/\",\"name\":\"Rome City Institute\",\"description\":\"\",\"publisher\":{\"@id\":\"https:\/\/www.romecityinstitute.com\/#organization\"},\"potentialAction\":[{\"@type\":\"SearchAction\",\"target\":{\"@type\":\"EntryPoint\",\"urlTemplate\":\"https:\/\/www.romecityinstitute.com\/?s={search_term_string}\"},\"query-input\":{\"@type\":\"PropertyValueSpecification\",\"valueRequired\":true,\"valueName\":\"search_term_string\"}}],\"inLanguage\":\"it-IT\"},{\"@type\":\"Organization\",\"@id\":\"https:\/\/www.romecityinstitute.com\/#organization\",\"name\":\"Rome City Institute\",\"url\":\"https:\/\/www.romecityinstitute.com\/\",\"logo\":{\"@type\":\"ImageObject\",\"inLanguage\":\"it-IT\",\"@id\":\"https:\/\/www.romecityinstitute.com\/#\/schema\/logo\/image\/\",\"url\":\"https:\/\/www.romecityinstitute.com\/wp-content\/uploads\/2022\/11\/ROME_CITY_INSTITUTE_HORIZONTAL_LOGO_POSITIVE_RGB-4.png\",\"contentUrl\":\"https:\/\/www.romecityinstitute.com\/wp-content\/uploads\/2022\/11\/ROME_CITY_INSTITUTE_HORIZONTAL_LOGO_POSITIVE_RGB-4.png\",\"width\":5086,\"height\":1536,\"caption\":\"Rome City Institute\"},\"image\":{\"@id\":\"https:\/\/www.romecityinstitute.com\/#\/schema\/logo\/image\/\"},\"sameAs\":[\"https:\/\/www.facebook.com\/OfficialRomeCity\",\"https:\/\/x.com\/RomeCityInst\",\"https:\/\/www.instagram.com\/romecityinstitute\/\"]}]}<\/script>\n<!-- \/ Yoast SEO plugin. -->","yoast_head_json":{"title":"Shopper - Istituto Comunale di Roma","description":"Questa borsa per la spesa dell&#039;Universit\u00e0 Rome City Institute \u00e8 realizzata in cotone di alta qualit\u00e0 da 140 g\/m\u00b2, resistente e sostenibile.","robots":{"index":"index","follow":"follow","max-snippet":"max-snippet:-1","max-image-preview":"max-image-preview:large","max-video-preview":"max-video-preview:-1"},"canonical":"https:\/\/www.romecityinstitute.com\/it\/prodotto\/shopper\/","og_locale":"it_IT","og_type":"article","og_title":"Shopper - Rome City Institute","og_description":"This shopping bag from the Rome City Institute University is made from high-quality 140 g\/m\u00b2 cotton, durable and sustainable.","og_url":"https:\/\/www.romecityinstitute.com\/it\/prodotto\/shopper\/","og_site_name":"Rome City Institute","article_publisher":"https:\/\/www.facebook.com\/OfficialRomeCity","og_image":[{"width":1080,"height":1080,"url":"https:\/\/www.romecityinstitute.com\/wp-content\/uploads\/2024\/08\/3.png","type":"image\/png"}],"twitter_card":"summary_large_image","twitter_site":"@RomeCityInst","twitter_misc":{"Tempo di lettura stimato":"1 minuto"},"schema":{"@context":"https:\/\/schema.org","@graph":[{"@type":"WebPage","@id":"https:\/\/www.romecityinstitute.com\/product\/shopper\/","url":"https:\/\/www.romecityinstitute.com\/product\/shopper\/","name":"Shopper - Istituto Comunale di Roma","isPartOf":{"@id":"https:\/\/www.romecityinstitute.com\/#website"},"primaryImageOfPage":{"@id":"https:\/\/www.romecityinstitute.com\/product\/shopper\/#primaryimage"},"image":{"@id":"https:\/\/www.romecityinstitute.com\/product\/shopper\/#primaryimage"},"thumbnailUrl":"https:\/\/www.romecityinstitute.com\/wp-content\/uploads\/2024\/08\/3.png","datePublished":"2024-08-30T13:55:25+00:00","description":"Questa borsa per la spesa dell&#039;Universit\u00e0 Rome City Institute \u00e8 realizzata in cotone di alta qualit\u00e0 da 140 g\/m\u00b2, resistente e sostenibile.","breadcrumb":{"@id":"https:\/\/www.romecityinstitute.com\/product\/shopper\/#breadcrumb"},"inLanguage":"it-IT","potentialAction":[{"@type":"ReadAction","target":["https:\/\/www.romecityinstitute.com\/product\/shopper\/"]}]},{"@type":"ImageObject","inLanguage":"it-IT","@id":"https:\/\/www.romecityinstitute.com\/product\/shopper\/#primaryimage","url":"https:\/\/www.romecityinstitute.com\/wp-content\/uploads\/2024\/08\/3.png","contentUrl":"https:\/\/www.romecityinstitute.com\/wp-content\/uploads\/2024\/08\/3.png","width":1080,"height":1080},{"@type":"BreadcrumbList","@id":"https:\/\/www.romecityinstitute.com\/product\/shopper\/#breadcrumb","itemListElement":[{"@type":"ListItem","position":1,"name":"Home","item":"https:\/\/www.romecityinstitute.com\/"},{"@type":"ListItem","position":2,"name":"Shop","item":"https:\/\/www.romecityinstitute.com\/shop\/"},{"@type":"ListItem","position":3,"name":"Shopper"}]},{"@type":"WebSite","@id":"https:\/\/www.romecityinstitute.com\/#website","url":"https:\/\/www.romecityinstitute.com\/","name":"Rome City Institute","description":"","publisher":{"@id":"https:\/\/www.romecityinstitute.com\/#organization"},"potentialAction":[{"@type":"SearchAction","target":{"@type":"EntryPoint","urlTemplate":"https:\/\/www.romecityinstitute.com\/?s={search_term_string}"},"query-input":{"@type":"PropertyValueSpecification","valueRequired":true,"valueName":"search_term_string"}}],"inLanguage":"it-IT"},{"@type":"Organization","@id":"https:\/\/www.romecityinstitute.com\/#organization","name":"Rome City Institute","url":"https:\/\/www.romecityinstitute.com\/","logo":{"@type":"ImageObject","inLanguage":"it-IT","@id":"https:\/\/www.romecityinstitute.com\/#\/schema\/logo\/image\/","url":"https:\/\/www.romecityinstitute.com\/wp-content\/uploads\/2022\/11\/ROME_CITY_INSTITUTE_HORIZONTAL_LOGO_POSITIVE_RGB-4.png","contentUrl":"https:\/\/www.romecityinstitute.com\/wp-content\/uploads\/2022\/11\/ROME_CITY_INSTITUTE_HORIZONTAL_LOGO_POSITIVE_RGB-4.png","width":5086,"height":1536,"caption":"Rome City Institute"},"image":{"@id":"https:\/\/www.romecityinstitute.com\/#\/schema\/logo\/image\/"},"sameAs":["https:\/\/www.facebook.com\/OfficialRomeCity","https:\/\/x.com\/RomeCityInst","https:\/\/www.instagram.com\/romecityinstitute\/"]}]}},"_links":{"self":[{"href":"https:\/\/www.romecityinstitute.com\/it\/wp-json\/wp\/v2\/product\/87392","targetHints":{"allow":["GET"]}}],"collection":[{"href":"https:\/\/www.romecityinstitute.com\/it\/wp-json\/wp\/v2\/product"}],"about":[{"href":"https:\/\/www.romecityinstitute.com\/it\/wp-json\/wp\/v2\/types\/product"}],"version-history":[{"count":1,"href":"https:\/\/www.romecityinstitute.com\/it\/wp-json\/wp\/v2\/product\/87392\/revisions"}],"predecessor-version":[{"id":87394,"href":"https:\/\/www.romecityinstitute.com\/it\/wp-json\/wp\/v2\/product\/87392\/revisions\/87394"}],"wp:featuredmedia":[{"embeddable":true,"href":"https:\/\/www.romecityinstitute.com\/it\/wp-json\/wp\/v2\/media\/87393"}],"wp:attachment":[{"href":"https:\/\/www.romecityinstitute.com\/it\/wp-json\/wp\/v2\/media?parent=87392"}],"wp:term":[{"taxonomy":"product_brand","embeddable":true,"href":"https:\/\/www.romecityinstitute.com\/it\/wp-json\/wp\/v2\/product_brand?post=87392"},{"taxonomy":"product_cat","embeddable":true,"href":"https:\/\/www.romecityinstitute.com\/it\/wp-json\/wp\/v2\/product_cat?post=87392"},{"taxonomy":"product_tag","embeddable":true,"href":"https:\/\/www.romecityinstitute.com\/it\/wp-json\/wp\/v2\/product_tag?post=87392"}],"curies":[{"name":"wp","href":"https:\/\/api.w.org\/{rel}","templated":true}]}}