{"id":84738,"date":"2023-09-25T17:23:13","date_gmt":"2023-09-25T15:23:13","guid":{"rendered":"https:\/\/www.romecityinstitute.com\/?post_type=product&#038;p=84738"},"modified":"2023-09-25T18:26:22","modified_gmt":"2023-09-25T16:26:22","slug":"senators-second-jersey","status":"publish","type":"product","link":"https:\/\/www.romecityinstitute.com\/it\/prodotto\/senators-second-jersey\/","title":{"rendered":"I Senatori \u2013 Seconda Maglia"},"content":{"rendered":"<p>La seconda maglia dei Senators \u00e8 un capo completamente nero che trasuda integrit\u00e0, senso del dovere e virt\u00f9. Simboleggia l&#039;essenza della squadra e dei suoi giocatori, incoraggiandoli a incarnare le qualit\u00e0 che rendono forte un romano. Et facere et pati fortia Romanum est: per essere forti, bisogna sopportare le difficolt\u00e0 come un vero romano.<\/p>\n<div><b>MATERIALI E CURA<\/b><\/div>\n<div><\/div>\n<div>100% Poliestere<\/div>\n<div><\/div>\n<div>Prodotto in Italia<\/div>\n<div><\/div>\n<div>Lavare a max 40\u00b0<\/div>\n<div><\/div>\n<div>Non asciugare in asciugatrice<\/div>","protected":false},"excerpt":{"rendered":"<p>Preordine \u2013 tempo di spedizione 3 settimane<\/p>\n<div><b>MATERIALI E CURA<\/b><\/div>\n<div><\/div>\n<div>100% Poliestere<\/div>\n<div>Prodotto in Italia<\/div>\n<div>Lavare a max 40\u00b0<\/div>\n<div>Non asciugare in asciugatrice<\/div>","protected":false},"featured_media":84863,"template":"","meta":{"_acf_changed":false,"_monsterinsights_skip_tracking":false,"_monsterinsights_sitenote_active":false,"_monsterinsights_sitenote_note":"","_monsterinsights_sitenote_category":0},"product_brand":[],"product_cat":[87],"product_tag":[101],"class_list":{"0":"post-84738","1":"product","2":"type-product","3":"status-publish","4":"has-post-thumbnail","6":"product_cat-jersey","7":"product_tag-ecl","9":"first","10":"instock","11":"shipping-taxable","12":"purchasable","13":"product-type-variable"},"acf":[],"yoast_head":"<!-- This site is optimized with the Yoast SEO plugin v26.5 - https:\/\/yoast.com\/wordpress\/plugins\/seo\/ -->\n<title>The Senators - Second Jersey - Rome City Institute<\/title>\n<meta name=\"robots\" content=\"index, follow, max-snippet:-1, max-image-preview:large, max-video-preview:-1\" \/>\n<link rel=\"canonical\" href=\"https:\/\/www.romecityinstitute.com\/it\/prodotto\/senators-second-jersey\/\" \/>\n<meta property=\"og:locale\" content=\"it_IT\" \/>\n<meta property=\"og:type\" content=\"article\" \/>\n<meta property=\"og:title\" content=\"The Senators - Second Jersey - Rome City Institute\" \/>\n<meta property=\"og:description\" content=\"Preorder - shipping time 3 weeks MATERIALS AND CARE  100% Polyester Made in Italy Wash at max 40\u00b0 degree Do not dry in dryer\" \/>\n<meta property=\"og:url\" content=\"https:\/\/www.romecityinstitute.com\/it\/prodotto\/senators-second-jersey\/\" \/>\n<meta property=\"og:site_name\" content=\"Rome City Institute\" \/>\n<meta property=\"article:publisher\" content=\"https:\/\/www.facebook.com\/OfficialRomeCity\" \/>\n<meta property=\"article:modified_time\" content=\"2023-09-25T16:26:22+00:00\" \/>\n<meta property=\"og:image\" content=\"https:\/\/www.romecityinstitute.com\/wp-content\/uploads\/2023\/09\/14.png\" \/>\n\t<meta property=\"og:image:width\" content=\"1080\" \/>\n\t<meta property=\"og:image:height\" content=\"1080\" \/>\n\t<meta property=\"og:image:type\" content=\"image\/png\" \/>\n<meta name=\"twitter:card\" content=\"summary_large_image\" \/>\n<meta name=\"twitter:site\" content=\"@RomeCityInst\" \/>\n<meta name=\"twitter:label1\" content=\"Tempo di lettura stimato\" \/>\n\t<meta name=\"twitter:data1\" content=\"1 minuto\" \/>\n<script type=\"application\/ld+json\" class=\"yoast-schema-graph\">{\"@context\":\"https:\/\/schema.org\",\"@graph\":[{\"@type\":\"WebPage\",\"@id\":\"https:\/\/www.romecityinstitute.com\/product\/senators-second-jersey\/\",\"url\":\"https:\/\/www.romecityinstitute.com\/product\/senators-second-jersey\/\",\"name\":\"The Senators - Second Jersey - Rome City Institute\",\"isPartOf\":{\"@id\":\"https:\/\/www.romecityinstitute.com\/#website\"},\"primaryImageOfPage\":{\"@id\":\"https:\/\/www.romecityinstitute.com\/product\/senators-second-jersey\/#primaryimage\"},\"image\":{\"@id\":\"https:\/\/www.romecityinstitute.com\/product\/senators-second-jersey\/#primaryimage\"},\"thumbnailUrl\":\"https:\/\/www.romecityinstitute.com\/wp-content\/uploads\/2023\/09\/14.png\",\"datePublished\":\"2023-09-25T15:23:13+00:00\",\"dateModified\":\"2023-09-25T16:26:22+00:00\",\"breadcrumb\":{\"@id\":\"https:\/\/www.romecityinstitute.com\/product\/senators-second-jersey\/#breadcrumb\"},\"inLanguage\":\"it-IT\",\"potentialAction\":[{\"@type\":\"ReadAction\",\"target\":[\"https:\/\/www.romecityinstitute.com\/product\/senators-second-jersey\/\"]}]},{\"@type\":\"ImageObject\",\"inLanguage\":\"it-IT\",\"@id\":\"https:\/\/www.romecityinstitute.com\/product\/senators-second-jersey\/#primaryimage\",\"url\":\"https:\/\/www.romecityinstitute.com\/wp-content\/uploads\/2023\/09\/14.png\",\"contentUrl\":\"https:\/\/www.romecityinstitute.com\/wp-content\/uploads\/2023\/09\/14.png\",\"width\":1080,\"height\":1080},{\"@type\":\"BreadcrumbList\",\"@id\":\"https:\/\/www.romecityinstitute.com\/product\/senators-second-jersey\/#breadcrumb\",\"itemListElement\":[{\"@type\":\"ListItem\",\"position\":1,\"name\":\"Home\",\"item\":\"https:\/\/www.romecityinstitute.com\/\"},{\"@type\":\"ListItem\",\"position\":2,\"name\":\"Shop\",\"item\":\"https:\/\/www.romecityinstitute.com\/shop\/\"},{\"@type\":\"ListItem\",\"position\":3,\"name\":\"The Senators &#8211; Second Jersey\"}]},{\"@type\":\"WebSite\",\"@id\":\"https:\/\/www.romecityinstitute.com\/#website\",\"url\":\"https:\/\/www.romecityinstitute.com\/\",\"name\":\"Rome City Institute\",\"description\":\"\",\"publisher\":{\"@id\":\"https:\/\/www.romecityinstitute.com\/#organization\"},\"potentialAction\":[{\"@type\":\"SearchAction\",\"target\":{\"@type\":\"EntryPoint\",\"urlTemplate\":\"https:\/\/www.romecityinstitute.com\/?s={search_term_string}\"},\"query-input\":{\"@type\":\"PropertyValueSpecification\",\"valueRequired\":true,\"valueName\":\"search_term_string\"}}],\"inLanguage\":\"it-IT\"},{\"@type\":\"Organization\",\"@id\":\"https:\/\/www.romecityinstitute.com\/#organization\",\"name\":\"Rome City Institute\",\"url\":\"https:\/\/www.romecityinstitute.com\/\",\"logo\":{\"@type\":\"ImageObject\",\"inLanguage\":\"it-IT\",\"@id\":\"https:\/\/www.romecityinstitute.com\/#\/schema\/logo\/image\/\",\"url\":\"https:\/\/www.romecityinstitute.com\/wp-content\/uploads\/2022\/11\/ROME_CITY_INSTITUTE_HORIZONTAL_LOGO_POSITIVE_RGB-4.png\",\"contentUrl\":\"https:\/\/www.romecityinstitute.com\/wp-content\/uploads\/2022\/11\/ROME_CITY_INSTITUTE_HORIZONTAL_LOGO_POSITIVE_RGB-4.png\",\"width\":5086,\"height\":1536,\"caption\":\"Rome City Institute\"},\"image\":{\"@id\":\"https:\/\/www.romecityinstitute.com\/#\/schema\/logo\/image\/\"},\"sameAs\":[\"https:\/\/www.facebook.com\/OfficialRomeCity\",\"https:\/\/x.com\/RomeCityInst\",\"https:\/\/www.instagram.com\/romecityinstitute\/\"]}]}<\/script>\n<!-- \/ Yoast SEO plugin. -->","yoast_head_json":{"title":"I Senatori - Seconda Maglia - Istituto Comunale di Roma","robots":{"index":"index","follow":"follow","max-snippet":"max-snippet:-1","max-image-preview":"max-image-preview:large","max-video-preview":"max-video-preview:-1"},"canonical":"https:\/\/www.romecityinstitute.com\/it\/prodotto\/senators-second-jersey\/","og_locale":"it_IT","og_type":"article","og_title":"The Senators - Second Jersey - Rome City Institute","og_description":"Preorder - shipping time 3 weeks MATERIALS AND CARE  100% Polyester Made in Italy Wash at max 40\u00b0 degree Do not dry in dryer","og_url":"https:\/\/www.romecityinstitute.com\/it\/prodotto\/senators-second-jersey\/","og_site_name":"Rome City Institute","article_publisher":"https:\/\/www.facebook.com\/OfficialRomeCity","article_modified_time":"2023-09-25T16:26:22+00:00","og_image":[{"width":1080,"height":1080,"url":"https:\/\/www.romecityinstitute.com\/wp-content\/uploads\/2023\/09\/14.png","type":"image\/png"}],"twitter_card":"summary_large_image","twitter_site":"@RomeCityInst","twitter_misc":{"Tempo di lettura stimato":"1 minuto"},"schema":{"@context":"https:\/\/schema.org","@graph":[{"@type":"WebPage","@id":"https:\/\/www.romecityinstitute.com\/product\/senators-second-jersey\/","url":"https:\/\/www.romecityinstitute.com\/product\/senators-second-jersey\/","name":"I Senatori - Seconda Maglia - Istituto Comunale di Roma","isPartOf":{"@id":"https:\/\/www.romecityinstitute.com\/#website"},"primaryImageOfPage":{"@id":"https:\/\/www.romecityinstitute.com\/product\/senators-second-jersey\/#primaryimage"},"image":{"@id":"https:\/\/www.romecityinstitute.com\/product\/senators-second-jersey\/#primaryimage"},"thumbnailUrl":"https:\/\/www.romecityinstitute.com\/wp-content\/uploads\/2023\/09\/14.png","datePublished":"2023-09-25T15:23:13+00:00","dateModified":"2023-09-25T16:26:22+00:00","breadcrumb":{"@id":"https:\/\/www.romecityinstitute.com\/product\/senators-second-jersey\/#breadcrumb"},"inLanguage":"it-IT","potentialAction":[{"@type":"ReadAction","target":["https:\/\/www.romecityinstitute.com\/product\/senators-second-jersey\/"]}]},{"@type":"ImageObject","inLanguage":"it-IT","@id":"https:\/\/www.romecityinstitute.com\/product\/senators-second-jersey\/#primaryimage","url":"https:\/\/www.romecityinstitute.com\/wp-content\/uploads\/2023\/09\/14.png","contentUrl":"https:\/\/www.romecityinstitute.com\/wp-content\/uploads\/2023\/09\/14.png","width":1080,"height":1080},{"@type":"BreadcrumbList","@id":"https:\/\/www.romecityinstitute.com\/product\/senators-second-jersey\/#breadcrumb","itemListElement":[{"@type":"ListItem","position":1,"name":"Home","item":"https:\/\/www.romecityinstitute.com\/"},{"@type":"ListItem","position":2,"name":"Shop","item":"https:\/\/www.romecityinstitute.com\/shop\/"},{"@type":"ListItem","position":3,"name":"The Senators &#8211; Second Jersey"}]},{"@type":"WebSite","@id":"https:\/\/www.romecityinstitute.com\/#website","url":"https:\/\/www.romecityinstitute.com\/","name":"Rome City Institute","description":"","publisher":{"@id":"https:\/\/www.romecityinstitute.com\/#organization"},"potentialAction":[{"@type":"SearchAction","target":{"@type":"EntryPoint","urlTemplate":"https:\/\/www.romecityinstitute.com\/?s={search_term_string}"},"query-input":{"@type":"PropertyValueSpecification","valueRequired":true,"valueName":"search_term_string"}}],"inLanguage":"it-IT"},{"@type":"Organization","@id":"https:\/\/www.romecityinstitute.com\/#organization","name":"Rome City Institute","url":"https:\/\/www.romecityinstitute.com\/","logo":{"@type":"ImageObject","inLanguage":"it-IT","@id":"https:\/\/www.romecityinstitute.com\/#\/schema\/logo\/image\/","url":"https:\/\/www.romecityinstitute.com\/wp-content\/uploads\/2022\/11\/ROME_CITY_INSTITUTE_HORIZONTAL_LOGO_POSITIVE_RGB-4.png","contentUrl":"https:\/\/www.romecityinstitute.com\/wp-content\/uploads\/2022\/11\/ROME_CITY_INSTITUTE_HORIZONTAL_LOGO_POSITIVE_RGB-4.png","width":5086,"height":1536,"caption":"Rome City Institute"},"image":{"@id":"https:\/\/www.romecityinstitute.com\/#\/schema\/logo\/image\/"},"sameAs":["https:\/\/www.facebook.com\/OfficialRomeCity","https:\/\/x.com\/RomeCityInst","https:\/\/www.instagram.com\/romecityinstitute\/"]}]}},"_links":{"self":[{"href":"https:\/\/www.romecityinstitute.com\/it\/wp-json\/wp\/v2\/product\/84738","targetHints":{"allow":["GET"]}}],"collection":[{"href":"https:\/\/www.romecityinstitute.com\/it\/wp-json\/wp\/v2\/product"}],"about":[{"href":"https:\/\/www.romecityinstitute.com\/it\/wp-json\/wp\/v2\/types\/product"}],"version-history":[{"count":3,"href":"https:\/\/www.romecityinstitute.com\/it\/wp-json\/wp\/v2\/product\/84738\/revisions"}],"predecessor-version":[{"id":84892,"href":"https:\/\/www.romecityinstitute.com\/it\/wp-json\/wp\/v2\/product\/84738\/revisions\/84892"}],"wp:featuredmedia":[{"embeddable":true,"href":"https:\/\/www.romecityinstitute.com\/it\/wp-json\/wp\/v2\/media\/84863"}],"wp:attachment":[{"href":"https:\/\/www.romecityinstitute.com\/it\/wp-json\/wp\/v2\/media?parent=84738"}],"wp:term":[{"taxonomy":"product_brand","embeddable":true,"href":"https:\/\/www.romecityinstitute.com\/it\/wp-json\/wp\/v2\/product_brand?post=84738"},{"taxonomy":"product_cat","embeddable":true,"href":"https:\/\/www.romecityinstitute.com\/it\/wp-json\/wp\/v2\/product_cat?post=84738"},{"taxonomy":"product_tag","embeddable":true,"href":"https:\/\/www.romecityinstitute.com\/it\/wp-json\/wp\/v2\/product_tag?post=84738"}],"curies":[{"name":"wp","href":"https:\/\/api.w.org\/{rel}","templated":true}]}}