{"id":84005,"date":"2024-12-10T16:23:54","date_gmt":"2024-12-10T15:23:54","guid":{"rendered":"https:\/\/www.romecityinstitute.com\/?page_id=84005"},"modified":"2026-02-24T17:19:53","modified_gmt":"2026-02-24T16:19:53","slug":"staff-directory","status":"publish","type":"page","link":"https:\/\/www.romecityinstitute.com\/it\/staff-directory\/","title":{"rendered":"Elenco del personale"},"content":{"rendered":"<div data-elementor-type=\"wp-page\" data-elementor-id=\"84005\" class=\"elementor elementor-84005\" data-elementor-post-type=\"page\">\n\t\t\t\t\t\t<section class=\"elementor-section elementor-top-section elementor-element elementor-element-2f71b4be elementor-section-boxed elementor-section-height-default elementor-section-height-default\" data-id=\"2f71b4be\" data-element_type=\"section\" data-settings=\"{&quot;background_background&quot;:&quot;classic&quot;}\">\n\t\t\t\t\t\t<div class=\"elementor-container elementor-column-gap-default\">\n\t\t\t\t\t<div class=\"elementor-column elementor-col-100 elementor-top-column elementor-element elementor-element-16192a3a\" data-id=\"16192a3a\" data-element_type=\"column\">\n\t\t\t<div class=\"elementor-widget-wrap elementor-element-populated\">\n\t\t\t\t\t\t<div class=\"elementor-element elementor-element-6fdec82f elementor-invisible elementor-widget elementor-widget-heading\" data-id=\"6fdec82f\" data-element_type=\"widget\" data-settings=\"{&quot;_animation&quot;:&quot;fadeInUp&quot;}\" data-widget_type=\"heading.default\">\n\t\t\t\t\t<h1 class=\"elementor-heading-title elementor-size-default\">Il nostro team.<\/h1>\t\t\t\t<\/div>\n\t\t\t\t<div class=\"elementor-element elementor-element-27027234 elementor-invisible elementor-widget elementor-widget-heading\" data-id=\"27027234\" data-element_type=\"widget\" data-settings=\"{&quot;_animation&quot;:&quot;fadeInUp&quot;}\" data-widget_type=\"heading.default\">\n\t\t\t\t\t<h2 class=\"elementor-heading-title elementor-size-default\">Nato per guidare il gioco.<\/h2>\t\t\t\t<\/div>\n\t\t\t\t<div class=\"elementor-element elementor-element-645ea952 elementor-invisible elementor-widget elementor-widget-text-editor\" data-id=\"645ea952\" data-element_type=\"widget\" data-settings=\"{&quot;_animation&quot;:&quot;fadeInUp&quot;}\" data-widget_type=\"text-editor.default\">\n\t\t\t\t\t\t\t\t\t<p>Al Rome City Institute, la nostra passione \u00e8 creare storie di successo. La nostra pi\u00f9 grande soddisfazione \u00e8 dare a giovani eccellenti l&#039;opportunit\u00e0 di vivere un&#039;esperienza internazionale senza pari.<\/p>\t\t\t\t\t\t\t\t<\/div>\n\t\t\t\t\t<\/div>\n\t\t<\/div>\n\t\t\t\t\t<\/div>\n\t\t<\/section>\n\t\t\t\t<section class=\"elementor-section elementor-top-section elementor-element elementor-element-b321ba8 elementor-section-boxed elementor-section-height-default elementor-section-height-default\" data-id=\"b321ba8\" data-element_type=\"section\">\n\t\t\t\t\t\t<div class=\"elementor-container elementor-column-gap-default\">\n\t\t\t\t\t<div class=\"elementor-column elementor-col-100 elementor-top-column elementor-element elementor-element-079e535\" data-id=\"079e535\" data-element_type=\"column\">\n\t\t\t<div class=\"elementor-widget-wrap elementor-element-populated\">\n\t\t\t\t\t\t<div class=\"elementor-element elementor-element-94b2103 elementor-widget elementor-widget-image\" data-id=\"94b2103\" data-element_type=\"widget\" data-widget_type=\"image.default\">\n\t\t\t\t\t\t\t\t\t\t\t\t\t\t\t<img fetchpriority=\"high\" decoding=\"async\" width=\"800\" height=\"534\" src=\"https:\/\/www.romecityinstitute.com\/wp-content\/uploads\/2024\/12\/DSC06865_1-1024x683.jpg\" class=\"attachment-large size-large wp-image-88248\" alt=\"\" srcset=\"https:\/\/www.romecityinstitute.com\/wp-content\/uploads\/2024\/12\/DSC06865_1-1024x683.jpg 1024w, https:\/\/www.romecityinstitute.com\/wp-content\/uploads\/2024\/12\/DSC06865_1-300x200.jpg 300w, https:\/\/www.romecityinstitute.com\/wp-content\/uploads\/2024\/12\/DSC06865_1-768x512.jpg 768w\" sizes=\"(max-width: 800px) 100vw, 800px\" \/>\t\t\t\t\t\t\t\t\t\t\t\t\t\t\t<\/div>\n\t\t\t\t\t<\/div>\n\t\t<\/div>\n\t\t\t\t\t<\/div>\n\t\t<\/section>\n\t\t\t\t<section class=\"elementor-section elementor-top-section elementor-element elementor-element-0545eaa elementor-section-boxed elementor-section-height-default elementor-section-height-default\" data-id=\"0545eaa\" data-element_type=\"section\" data-settings=\"{&quot;background_background&quot;:&quot;classic&quot;}\">\n\t\t\t\t\t\t<div class=\"elementor-container elementor-column-gap-default\">\n\t\t\t\t\t<div class=\"elementor-column elementor-col-100 elementor-top-column elementor-element elementor-element-e8aed60\" data-id=\"e8aed60\" data-element_type=\"column\">\n\t\t\t<div class=\"elementor-widget-wrap elementor-element-populated\">\n\t\t\t\t\t\t<div class=\"elementor-element elementor-element-e9f6180 elementor-widget elementor-widget-heading\" data-id=\"e9f6180\" data-element_type=\"widget\" data-widget_type=\"heading.default\">\n\t\t\t\t\t<h2 class=\"elementor-heading-title elementor-size-default\">Elenco del personale<\/h2>\t\t\t\t<\/div>\n\t\t\t\t<div class=\"elementor-element elementor-element-b97cd17 elementor-widget elementor-widget-text-editor\" data-id=\"b97cd17\" data-element_type=\"widget\" data-widget_type=\"text-editor.default\">\n\t\t\t\t\t\t\t\t\t<p><strong>PRESIDENTE<\/strong><\/p><ul><li><strong>Stefano Elio Radio<\/strong><\/li><\/ul><p>\u00a0<\/p><p><strong>PRESIDENTE<\/strong><\/p><ul><li><strong>Giorgio Antongirolami<\/strong><\/li><\/ul><p>\u00a0<\/p><p><strong>DIRETTORE FINANZIARIO<\/strong><\/p><ul><li><strong>Paolo Scoppola<\/strong><\/li><\/ul><p>\u00a0<\/p><p><strong>AMMISSIONE<\/strong><\/p><ul><li><strong>Gianluca Bottoni<\/strong> \u2013 Direttore delle ammissioni<\/li><li><strong>Lorenzo Cocchia<\/strong> \u2013 Direttore associato delle ammissioni<\/li><li><strong>Giorgio Scarpecci<\/strong> \u2013 Direttore associato delle ammissioni<\/li><li><strong>Corentin Diverres<\/strong> \u2013 Direttore associato delle ammissioni<\/li><li><strong>Carmen Bernardis<\/strong> \u2013 Consulente per l&#039;ammissione<\/li><li><b>Vanessa Moreira \u2013<\/b> Consulente per l&#039;ammissione<\/li><li><b>Nicolas Galarza \u2013 <\/b>Consulente per l&#039;ammissione<\/li><\/ul><p>\u00a0<\/p><div><strong>ADVISORY BOARD OF DIRECTORS<\/strong><\/div><div><ul><li><strong>Joseph Lonardo<\/strong>\u00a0 &#8211; Board Member<\/li><li><strong>Giorgio Chiellini<\/strong> &#8211; Board Member<\/li><li><strong>Jospeh Gulino<\/strong> &#8211; Board Member<\/li><li><strong>Alma Laias<\/strong> &#8211; Board Member<\/li><li><strong>Dana DiSandro<\/strong> &#8211;\u00a0 Board Member<\/li><li><strong>Am. Carlos Garcia De Alba<\/strong> &#8211;\u00a0 Board Member<\/li><\/ul><p>\u00a0<\/p><\/div><div><strong>ACCADEMICI<\/strong><\/div><ul><li><strong>Alice Genna<\/strong>\u00a0 \u2013 Direttore degli Affari Accademici\u00a0<\/li><li><strong>Federico Luciano<\/strong> \u2013 Direttore associato per gli affari accademici\u00a0<\/li><li><strong>Spencer Belmont<\/strong> &#8211; Head of Career Pathways, Entrepreneurship and Experiential Learning<\/li><li><strong>Franco Ficetola <\/strong>\u2013 Direttore degli studi della scuola superiore<\/li><li><b>Quinn McGranaghan \u2013<\/b> Consulente accademico\u00a0<\/li><li><b>Isaia Rowe \u2013<\/b> Consulente accademico<\/li><li><b>Mariyah Fletcher \u2013<\/b> Consulente accademico<\/li><\/ul><p>\u00a0<\/p><p><strong>ATLETICA<\/strong>\u00a0<\/p><ul><li><strong>Mauro Girini<\/strong> \u2013 Direttore atletico e allenatore della squadra di calcio maschile<\/li><li style=\"font-size: 16px;\"><b>Djordje Novakovic\u00a0&#8211;<\/b> Direttore atletico associato e responsabile della pallavolo<\/li><li><strong>Marco Montini<\/strong> \u2013 Responsabile delle prestazioni<\/li><li><strong>Angela Adamoli<\/strong> \u2013 Allenatore capo di pallacanestro maschile e femminile<\/li><li><strong>Carmen Acedo<\/strong> \u2013 Allenatore capo della squadra di calcio femminile<\/li><li><strong>Cristiano Viotti<\/strong> \u2013 Responsabile dei portieri di calcio<\/li><li style=\"font-size: 16px;\"><span style=\"font-weight: bolder;\">Greta Corrente<\/span>\u00a0\u2013 Assistente allenatore di pallavolo<\/li><li><strong>Michele Lo Surdo<\/strong> \u2013 Allenatore capo dei Kings<\/li><li><b>Andrea\u00a0Cossa\u00a0<\/b>\u2013 Allenatore capo dei Senators<\/li><li><strong>Simone Formica<\/strong> \u2013 Allenatore capo dei Gladiators<\/li><li><strong>Jacopo Badia<\/strong> \u2013 Allenatore capo del Legionario<\/li><li><strong>Marisa Masullo<\/strong> \u2013 Allenatore capo di atletica leggera maschile e femminile<\/li><li><strong>Raffaello Leonardo<\/strong> \u2013 Canottaggio maschile e femminile\u00a0<\/li><li><strong>Massimiliano Fabrucci<\/strong> \u2013 Allenatore capo di nuoto maschile e femminile<\/li><li><strong>Andrea Scimonelli<\/strong> \u2013 Allenatore capo di pallanuoto maschile e femminile<\/li><li><strong>Cooper Heisey \u2013<\/strong> Allenatore capo di football americano<\/li><li><strong>Mike Pongetti<\/strong> \u2013 Allenatore capo di lacrosse maschile e femminile<\/li><li><strong>Reka Orsi Toth<\/strong> \u2013 Allenatore capo di beach volley maschile e femminile<\/li><li><strong>Ilaria F<\/strong><b>oco<\/b>\u00a0\u2013 Assistente allenatore di pallacanestro maschile e femminile\u00a0<\/li><li><strong>Andrea Baldini<\/strong> \u2013 Allenatore capo di tennis maschile e femminile<\/li><li><b>Aleki Gomez \u2013<\/b> Assistente allenatore di tennis<\/li><li><b>Isabella Pinto \u2013<\/b> Assistente allenatore di tennis<\/li><li><b>Raffaello Leonardo &#8211;<\/b> Men&#8217;s &amp; Women&#8217;s Rowing Head Coach<\/li><li><b>Alessandro Pace &#8211;<\/b> Men&#8217;s &amp; Women&#8217;s Golf Head Coach<\/li><\/ul><p>\u00a0<\/p><p><strong>SERVIZI INFORMATICI\u00a0<\/strong><\/p><ul><li><strong>Connor Davies<\/strong> \u2013 Responsabile IT<\/li><\/ul><p>\u00a0<\/p><p><strong>MARKETING<\/strong>\u00a0<\/p><ul><li><strong>Rob Mariottini<\/strong> \u2013 Responsabile dei contenuti strategici<\/li><li><strong>Ryan McNeal<\/strong> \u2013 Responsabile dei social media<\/li><li><strong>Matteo Marini<\/strong> \u2013 Regista<\/li><li><strong>Jenny Hjohlman<\/strong> \u2013 Grafico\u00a0<\/li><\/ul><p>\u00a0<\/p><p><strong>FINANZIARIO<\/strong>\u00a0<\/p><ul><li><strong>Dayana Leal<\/strong> &#8211; Financial Advisor<\/li><li><strong>Sakuntala Bosi<\/strong> &#8211; Financial Advisor<\/li><li><strong>Yovana Gonzalez<\/strong> \u2013 Responsabile finanziario<\/li><\/ul><p>\u00a0<\/p><p><strong>CONSULENTE STRATEGICO<\/strong><\/p><ul><li><strong>Alma Laias<\/strong> \u2013 Consigliere<\/li><li><strong>Giuseppe Di Fuccia<\/strong> \u2013 Consigliere\u00a0<\/li><\/ul><p>\u00a0<\/p><p><strong>VITA STUDENTESCA E ALLOGGI<\/strong><\/p><ul><li><strong>Antonio Cincotta<\/strong> - Direttore esecutivo\u00a0<\/li><li><strong>Francesco Castiglione<\/strong> \u2013 Preside degli studenti<\/li><li><strong>Cristiana Pedulla<\/strong> \u2013 Direttore Legale<\/li><li><b>Adamo Gallo \u2013 <\/b>Coordinatore della vita studentesca<\/li><li><b>Rob Mariottini \u2013 <\/b>Operazioni di vita studentesca<\/li><li><strong>Federica Passacantilli<\/strong> \u2013 Direttore degli alloggi<\/li><li><strong>Claudio Ciferri<\/strong> \u2013 Responsabile degli alloggi<\/li><li><strong>Juan Daniel Arreguin<\/strong> \u2013 Responsabile della vita studentesca<\/li><li><strong>Fabian Minaya<\/strong> \u2013 Responsabile del merchandising<\/li><\/ul>\t\t\t\t\t\t\t\t<\/div>\n\t\t\t\t\t<\/div>\n\t\t<\/div>\n\t\t\t\t\t<\/div>\n\t\t<\/section>\n\t\t\t\t<\/div>","protected":false},"excerpt":{"rendered":"<p>Our team. Born to Lead the Game. At Rome City Institute, our passion is creating successful stories. Our greatest satisfaction is giving excellent young people the opportunity to enjoy an international experience unlike any other. Staff Directory PRESIDENT Stefano Elio Radio \u00a0 CHAIRMAN Giorgio Antongirolami \u00a0 CHIEF FINANCIAL OFFICER Paolo Scoppola \u00a0 ADMISSION Gianluca Bottoni [&hellip;]<\/p>","protected":false},"author":14,"featured_media":0,"parent":0,"menu_order":0,"comment_status":"closed","ping_status":"closed","template":"","meta":{"_acf_changed":false,"_monsterinsights_skip_tracking":false,"_monsterinsights_sitenote_active":false,"_monsterinsights_sitenote_note":"","_monsterinsights_sitenote_category":0,"footnotes":""},"class_list":["post-84005","page","type-page","status-publish","hentry"],"acf":[],"yoast_head":"<!-- This site is optimized with the Yoast SEO plugin v26.5 - https:\/\/yoast.com\/wordpress\/plugins\/seo\/ -->\n<title>Staff Directory - Rome City Institute<\/title>\n<meta name=\"description\" content=\"Learn more about the Professors of Rome City&#039;s three academic programs. Master&#039;s Degree, Undergraduate &amp; Gap-Year.\" \/>\n<meta name=\"robots\" content=\"index, follow, max-snippet:-1, max-image-preview:large, max-video-preview:-1\" \/>\n<link rel=\"canonical\" href=\"https:\/\/www.romecityinstitute.com\/it\/staff-directory\/\" \/>\n<meta property=\"og:locale\" content=\"it_IT\" \/>\n<meta property=\"og:type\" content=\"article\" \/>\n<meta property=\"og:title\" content=\"Staff Directory - Rome City Institute\" \/>\n<meta property=\"og:description\" content=\"Learn more about the Professors of Rome City&#039;s three academic programs. Master&#039;s Degree, Undergraduate &amp; Gap-Year.\" \/>\n<meta property=\"og:url\" content=\"https:\/\/www.romecityinstitute.com\/it\/staff-directory\/\" \/>\n<meta property=\"og:site_name\" content=\"Rome City Institute\" \/>\n<meta property=\"article:publisher\" content=\"https:\/\/www.facebook.com\/OfficialRomeCity\" \/>\n<meta property=\"article:modified_time\" content=\"2026-02-24T16:19:53+00:00\" \/>\n<meta property=\"og:image\" content=\"https:\/\/www.romecityinstitute.com\/wp-content\/uploads\/2024\/12\/DSC06865_1-scaled.jpg\" \/>\n\t<meta property=\"og:image:width\" content=\"2560\" \/>\n\t<meta property=\"og:image:height\" content=\"1707\" \/>\n\t<meta property=\"og:image:type\" content=\"image\/jpeg\" \/>\n<meta name=\"twitter:card\" content=\"summary_large_image\" \/>\n<meta name=\"twitter:site\" content=\"@RomeCityInst\" \/>\n<meta name=\"twitter:label1\" content=\"Tempo di lettura stimato\" \/>\n\t<meta name=\"twitter:data1\" content=\"2 minuti\" \/>\n<script type=\"application\/ld+json\" class=\"yoast-schema-graph\">{\"@context\":\"https:\/\/schema.org\",\"@graph\":[{\"@type\":\"WebPage\",\"@id\":\"https:\/\/www.romecityinstitute.com\/staff-directory\/\",\"url\":\"https:\/\/www.romecityinstitute.com\/staff-directory\/\",\"name\":\"Staff Directory - Rome City Institute\",\"isPartOf\":{\"@id\":\"https:\/\/www.romecityinstitute.com\/#website\"},\"primaryImageOfPage\":{\"@id\":\"https:\/\/www.romecityinstitute.com\/staff-directory\/#primaryimage\"},\"image\":{\"@id\":\"https:\/\/www.romecityinstitute.com\/staff-directory\/#primaryimage\"},\"thumbnailUrl\":\"https:\/\/www.romecityinstitute.com\/wp-content\/uploads\/2024\/12\/DSC06865_1-1024x683.jpg\",\"datePublished\":\"2024-12-10T15:23:54+00:00\",\"dateModified\":\"2026-02-24T16:19:53+00:00\",\"description\":\"Learn more about the Professors of Rome City's three academic programs. Master's Degree, Undergraduate & Gap-Year.\",\"breadcrumb\":{\"@id\":\"https:\/\/www.romecityinstitute.com\/staff-directory\/#breadcrumb\"},\"inLanguage\":\"it-IT\",\"potentialAction\":[{\"@type\":\"ReadAction\",\"target\":[\"https:\/\/www.romecityinstitute.com\/staff-directory\/\"]}]},{\"@type\":\"ImageObject\",\"inLanguage\":\"it-IT\",\"@id\":\"https:\/\/www.romecityinstitute.com\/staff-directory\/#primaryimage\",\"url\":\"https:\/\/www.romecityinstitute.com\/wp-content\/uploads\/2024\/12\/DSC06865_1-1024x683.jpg\",\"contentUrl\":\"https:\/\/www.romecityinstitute.com\/wp-content\/uploads\/2024\/12\/DSC06865_1-1024x683.jpg\"},{\"@type\":\"BreadcrumbList\",\"@id\":\"https:\/\/www.romecityinstitute.com\/staff-directory\/#breadcrumb\",\"itemListElement\":[{\"@type\":\"ListItem\",\"position\":1,\"name\":\"Home\",\"item\":\"https:\/\/www.romecityinstitute.com\/\"},{\"@type\":\"ListItem\",\"position\":2,\"name\":\"Staff Directory\"}]},{\"@type\":\"WebSite\",\"@id\":\"https:\/\/www.romecityinstitute.com\/#website\",\"url\":\"https:\/\/www.romecityinstitute.com\/\",\"name\":\"Rome City Institute\",\"description\":\"\",\"publisher\":{\"@id\":\"https:\/\/www.romecityinstitute.com\/#organization\"},\"potentialAction\":[{\"@type\":\"SearchAction\",\"target\":{\"@type\":\"EntryPoint\",\"urlTemplate\":\"https:\/\/www.romecityinstitute.com\/?s={search_term_string}\"},\"query-input\":{\"@type\":\"PropertyValueSpecification\",\"valueRequired\":true,\"valueName\":\"search_term_string\"}}],\"inLanguage\":\"it-IT\"},{\"@type\":\"Organization\",\"@id\":\"https:\/\/www.romecityinstitute.com\/#organization\",\"name\":\"Rome City Institute\",\"url\":\"https:\/\/www.romecityinstitute.com\/\",\"logo\":{\"@type\":\"ImageObject\",\"inLanguage\":\"it-IT\",\"@id\":\"https:\/\/www.romecityinstitute.com\/#\/schema\/logo\/image\/\",\"url\":\"https:\/\/www.romecityinstitute.com\/wp-content\/uploads\/2022\/11\/ROME_CITY_INSTITUTE_HORIZONTAL_LOGO_POSITIVE_RGB-4.png\",\"contentUrl\":\"https:\/\/www.romecityinstitute.com\/wp-content\/uploads\/2022\/11\/ROME_CITY_INSTITUTE_HORIZONTAL_LOGO_POSITIVE_RGB-4.png\",\"width\":5086,\"height\":1536,\"caption\":\"Rome City Institute\"},\"image\":{\"@id\":\"https:\/\/www.romecityinstitute.com\/#\/schema\/logo\/image\/\"},\"sameAs\":[\"https:\/\/www.facebook.com\/OfficialRomeCity\",\"https:\/\/x.com\/RomeCityInst\",\"https:\/\/www.instagram.com\/romecityinstitute\/\"]}]}<\/script>\n<!-- \/ Yoast SEO plugin. -->","yoast_head_json":{"title":"Elenco del personale - Rome City Institute","description":"Scopri di pi\u00f9 sui docenti dei tre corsi di laurea di Roma Capitale: Laurea Magistrale, Laurea Triennale e Anno Sabbatico.","robots":{"index":"index","follow":"follow","max-snippet":"max-snippet:-1","max-image-preview":"max-image-preview:large","max-video-preview":"max-video-preview:-1"},"canonical":"https:\/\/www.romecityinstitute.com\/it\/staff-directory\/","og_locale":"it_IT","og_type":"article","og_title":"Staff Directory - Rome City Institute","og_description":"Learn more about the Professors of Rome City's three academic programs. Master's Degree, Undergraduate & Gap-Year.","og_url":"https:\/\/www.romecityinstitute.com\/it\/staff-directory\/","og_site_name":"Rome City Institute","article_publisher":"https:\/\/www.facebook.com\/OfficialRomeCity","article_modified_time":"2026-02-24T16:19:53+00:00","og_image":[{"width":2560,"height":1707,"url":"https:\/\/www.romecityinstitute.com\/wp-content\/uploads\/2024\/12\/DSC06865_1-scaled.jpg","type":"image\/jpeg"}],"twitter_card":"summary_large_image","twitter_site":"@RomeCityInst","twitter_misc":{"Tempo di lettura stimato":"2 minuti"},"schema":{"@context":"https:\/\/schema.org","@graph":[{"@type":"WebPage","@id":"https:\/\/www.romecityinstitute.com\/staff-directory\/","url":"https:\/\/www.romecityinstitute.com\/staff-directory\/","name":"Elenco del personale - Rome City Institute","isPartOf":{"@id":"https:\/\/www.romecityinstitute.com\/#website"},"primaryImageOfPage":{"@id":"https:\/\/www.romecityinstitute.com\/staff-directory\/#primaryimage"},"image":{"@id":"https:\/\/www.romecityinstitute.com\/staff-directory\/#primaryimage"},"thumbnailUrl":"https:\/\/www.romecityinstitute.com\/wp-content\/uploads\/2024\/12\/DSC06865_1-1024x683.jpg","datePublished":"2024-12-10T15:23:54+00:00","dateModified":"2026-02-24T16:19:53+00:00","description":"Scopri di pi\u00f9 sui docenti dei tre corsi di laurea di Roma Capitale: Laurea Magistrale, Laurea Triennale e Anno Sabbatico.","breadcrumb":{"@id":"https:\/\/www.romecityinstitute.com\/staff-directory\/#breadcrumb"},"inLanguage":"it-IT","potentialAction":[{"@type":"ReadAction","target":["https:\/\/www.romecityinstitute.com\/staff-directory\/"]}]},{"@type":"ImageObject","inLanguage":"it-IT","@id":"https:\/\/www.romecityinstitute.com\/staff-directory\/#primaryimage","url":"https:\/\/www.romecityinstitute.com\/wp-content\/uploads\/2024\/12\/DSC06865_1-1024x683.jpg","contentUrl":"https:\/\/www.romecityinstitute.com\/wp-content\/uploads\/2024\/12\/DSC06865_1-1024x683.jpg"},{"@type":"BreadcrumbList","@id":"https:\/\/www.romecityinstitute.com\/staff-directory\/#breadcrumb","itemListElement":[{"@type":"ListItem","position":1,"name":"Home","item":"https:\/\/www.romecityinstitute.com\/"},{"@type":"ListItem","position":2,"name":"Staff Directory"}]},{"@type":"WebSite","@id":"https:\/\/www.romecityinstitute.com\/#website","url":"https:\/\/www.romecityinstitute.com\/","name":"Rome City Institute","description":"","publisher":{"@id":"https:\/\/www.romecityinstitute.com\/#organization"},"potentialAction":[{"@type":"SearchAction","target":{"@type":"EntryPoint","urlTemplate":"https:\/\/www.romecityinstitute.com\/?s={search_term_string}"},"query-input":{"@type":"PropertyValueSpecification","valueRequired":true,"valueName":"search_term_string"}}],"inLanguage":"it-IT"},{"@type":"Organization","@id":"https:\/\/www.romecityinstitute.com\/#organization","name":"Rome City Institute","url":"https:\/\/www.romecityinstitute.com\/","logo":{"@type":"ImageObject","inLanguage":"it-IT","@id":"https:\/\/www.romecityinstitute.com\/#\/schema\/logo\/image\/","url":"https:\/\/www.romecityinstitute.com\/wp-content\/uploads\/2022\/11\/ROME_CITY_INSTITUTE_HORIZONTAL_LOGO_POSITIVE_RGB-4.png","contentUrl":"https:\/\/www.romecityinstitute.com\/wp-content\/uploads\/2022\/11\/ROME_CITY_INSTITUTE_HORIZONTAL_LOGO_POSITIVE_RGB-4.png","width":5086,"height":1536,"caption":"Rome City Institute"},"image":{"@id":"https:\/\/www.romecityinstitute.com\/#\/schema\/logo\/image\/"},"sameAs":["https:\/\/www.facebook.com\/OfficialRomeCity","https:\/\/x.com\/RomeCityInst","https:\/\/www.instagram.com\/romecityinstitute\/"]}]}},"_links":{"self":[{"href":"https:\/\/www.romecityinstitute.com\/it\/wp-json\/wp\/v2\/pages\/84005","targetHints":{"allow":["GET"]}}],"collection":[{"href":"https:\/\/www.romecityinstitute.com\/it\/wp-json\/wp\/v2\/pages"}],"about":[{"href":"https:\/\/www.romecityinstitute.com\/it\/wp-json\/wp\/v2\/types\/page"}],"author":[{"embeddable":true,"href":"https:\/\/www.romecityinstitute.com\/it\/wp-json\/wp\/v2\/users\/14"}],"replies":[{"embeddable":true,"href":"https:\/\/www.romecityinstitute.com\/it\/wp-json\/wp\/v2\/comments?post=84005"}],"version-history":[{"count":67,"href":"https:\/\/www.romecityinstitute.com\/it\/wp-json\/wp\/v2\/pages\/84005\/revisions"}],"predecessor-version":[{"id":91873,"href":"https:\/\/www.romecityinstitute.com\/it\/wp-json\/wp\/v2\/pages\/84005\/revisions\/91873"}],"wp:attachment":[{"href":"https:\/\/www.romecityinstitute.com\/it\/wp-json\/wp\/v2\/media?parent=84005"}],"curies":[{"name":"wp","href":"https:\/\/api.w.org\/{rel}","templated":true}]}}