{"id":81607,"date":"2022-12-23T10:08:46","date_gmt":"2022-12-23T09:08:46","guid":{"rendered":"https:\/\/www.romecityinstitute.com\/?page_id=81607"},"modified":"2022-12-23T10:09:10","modified_gmt":"2022-12-23T09:09:10","slug":"roster","status":"publish","type":"page","link":"https:\/\/www.romecityinstitute.com\/it\/roster\/","title":{"rendered":"Roster"},"content":{"rendered":"<div data-elementor-type=\"wp-page\" data-elementor-id=\"81607\" class=\"elementor elementor-81607\" data-elementor-post-type=\"page\">\n\t\t\t\t\t\t<section class=\"elementor-section elementor-top-section elementor-element elementor-element-2987f7a elementor-section-boxed elementor-section-height-default elementor-section-height-default\" data-id=\"2987f7a\" data-element_type=\"section\" data-settings=\"{&quot;background_background&quot;:&quot;classic&quot;}\">\n\t\t\t\t\t\t<div class=\"elementor-container elementor-column-gap-default\">\n\t\t\t\t\t<div class=\"elementor-column elementor-col-100 elementor-top-column elementor-element elementor-element-7dfa06a\" data-id=\"7dfa06a\" data-element_type=\"column\">\n\t\t\t<div class=\"elementor-widget-wrap elementor-element-populated\">\n\t\t\t\t\t\t<div class=\"elementor-element elementor-element-7ece4e5 elementor-invisible elementor-widget elementor-widget-heading\" data-id=\"7ece4e5\" data-element_type=\"widget\" data-settings=\"{&quot;_animation&quot;:&quot;fadeInUp&quot;}\" data-widget_type=\"heading.default\">\n\t\t\t\t\t<h1 class=\"elementor-heading-title elementor-size-default\">I nostri giocatori.<\/h1>\t\t\t\t<\/div>\n\t\t\t\t<div class=\"elementor-element elementor-element-665592c elementor-invisible elementor-widget elementor-widget-heading\" data-id=\"665592c\" data-element_type=\"widget\" data-settings=\"{&quot;_animation&quot;:&quot;fadeInUp&quot;}\" data-widget_type=\"heading.default\">\n\t\t\t\t\t<h2 class=\"elementor-heading-title elementor-size-default\">Nato per guidare il gioco.<\/h2>\t\t\t\t<\/div>\n\t\t\t\t<div class=\"elementor-element elementor-element-4b7c1ea elementor-invisible elementor-widget elementor-widget-text-editor\" data-id=\"4b7c1ea\" data-element_type=\"widget\" data-settings=\"{&quot;_animation&quot;:&quot;fadeInUp&quot;}\" data-widget_type=\"text-editor.default\">\n\t\t\t\t\t\t\t\t\t<p>In College Life Italia condividiamo la passione nella creazione di percorsi di successo. Dare la possibilit\u00e0 a giovani eccellenze di potersi completarsi attraverso un&#8217;esperienza internazionale \u00e8 la nostra pi\u00f9 grande soddisfazione<\/p>\t\t\t\t\t\t\t\t<\/div>\n\t\t\t\t\t<\/div>\n\t\t<\/div>\n\t\t\t\t\t<\/div>\n\t\t<\/section>\n\t\t\t\t<section class=\"elementor-section elementor-top-section elementor-element elementor-element-dc917ad elementor-section-boxed elementor-section-height-default elementor-section-height-default\" data-id=\"dc917ad\" data-element_type=\"section\">\n\t\t\t\t\t\t<div class=\"elementor-container elementor-column-gap-default\">\n\t\t\t\t\t<div class=\"elementor-column elementor-col-100 elementor-top-column elementor-element elementor-element-84c3822\" data-id=\"84c3822\" data-element_type=\"column\">\n\t\t\t<div class=\"elementor-widget-wrap elementor-element-populated\">\n\t\t\t\t\t\t<div class=\"elementor-element elementor-element-d90b917 elementor-widget elementor-widget-shortcode\" data-id=\"d90b917\" data-element_type=\"widget\" data-widget_type=\"shortcode.default\">\n\t\t\t\t\t\t\t\t<script>\n\t   \/*\n\nFiltro Shortcode\n\n*\/\n\ndocument.addEventListener('DOMContentLoaded',function(){\n                filterSelection(\"all\");\n\t\t\t\t\n            });\n\t\t\t\nfunction filterSelection(c) {\n\tvar x, i;\n\tx = document.getElementsByClassName(\"elementor-post\");\n\n\tif (c == \"all\") {\n        for (i = 0; i < x.length; i++) {\n            \/\/ Check if the element has the class \"undergraduate\"\n            if (x[i].querySelector(\".Hide_From_All\")) {\n                \/\/ Remove the \"show\" class\n                w3RemoveClass(x[i], \"show\");\n            } else {\n                \/\/ Add the \"show\" class for other elements\n                w3AddClass(x[i], \"show\");\n            }\n        }\n    } else {\n        for (i = 0; i < x.length; i++) {\n            w3RemoveClass(x[i], \"show\");\n            if (x[i].className.indexOf(c) > -1) w3AddClass(x[i], \"show\");\n        }\n    }\n\tvar resizeEvent = new Event('resize');\n\twindow.dispatchEvent(resizeEvent);\n}\nfunction w3AddClass(element, name) {\n\tvar i, arr1, arr2;\n\tarr1 = element.className.split(\" \");\n\tarr2 = name.split(\" \");\n\tfor (i = 0; i < arr2.length; i++) {\n\t\tif (arr1.indexOf(arr2[i]) == -1) {element.className += \" \" + arr2[i];}\n\t}\n}\nfunction w3RemoveClass(element, name) {\n\tvar i, arr1, arr2;\n\tarr1 = element.className.split(\" \");\n\tarr2 = name.split(\" \");\n\tfor (i = 0; i < arr2.length; i++) {\n\t\twhile (arr1.indexOf(arr2[i]) > -1) {\n\t\t\tarr1.splice(arr1.indexOf(arr2[i]), 1);\n\t\t}\n\t}\n\telement.className = arr1.join(\" \");\n}\n\n\/\/ Add active class to the current button (highlight it)\nvar btnContainer = document.getElementById(\"filter-category\");\nvar btns = btnContainer.getElementsByClassName(\"filter-btn\");\nvar i;\nfor (i=0; i < btns.length; i++) {\t\n\tbtns[i].addEventListener(\"click\", function(){\n\t\tvar current = document.getElementsByClassName(\"active\");\n\t\tcurrent[0].className = current[0].className.replace(\" active\", \"\");\n\t\tthis.className += \" active\";\n\t});\n}\n\n\t<\/script>\n\t\t\t\t\t<div class=\"elementor-shortcode\"><\/div>\n\t\t\t\t\t\t<\/div>\n\t\t\t\t\t<\/div>\n\t\t<\/div>\n\t\t\t\t\t<\/div>\n\t\t<\/section>\n\t\t\t\t<section class=\"elementor-section elementor-top-section elementor-element elementor-element-4a9f2eb elementor-section-boxed elementor-section-height-default elementor-section-height-default\" data-id=\"4a9f2eb\" data-element_type=\"section\">\n\t\t\t\t\t\t<div class=\"elementor-container elementor-column-gap-default\">\n\t\t\t\t\t<div class=\"elementor-column elementor-col-100 elementor-top-column elementor-element elementor-element-a5b7860\" data-id=\"a5b7860\" data-element_type=\"column\">\n\t\t\t<div class=\"elementor-widget-wrap elementor-element-populated\">\n\t\t\t\t\t\t<div class=\"elementor-element elementor-element-bcf94f5 elementor-grid-3 elementor-grid-tablet-2 elementor-grid-mobile-1 elementor-posts--thumbnail-top elementor-posts--show-avatar elementor-card-shadow-yes elementor-posts__hover-gradient elementor-widget elementor-widget-posts\" data-id=\"bcf94f5\" data-element_type=\"widget\" data-settings=\"{&quot;cards_columns&quot;:&quot;3&quot;,&quot;cards_columns_tablet&quot;:&quot;2&quot;,&quot;cards_columns_mobile&quot;:&quot;1&quot;,&quot;cards_row_gap&quot;:{&quot;unit&quot;:&quot;px&quot;,&quot;size&quot;:35,&quot;sizes&quot;:[]},&quot;cards_row_gap_widescreen&quot;:{&quot;unit&quot;:&quot;px&quot;,&quot;size&quot;:&quot;&quot;,&quot;sizes&quot;:[]},&quot;cards_row_gap_laptop&quot;:{&quot;unit&quot;:&quot;px&quot;,&quot;size&quot;:&quot;&quot;,&quot;sizes&quot;:[]},&quot;cards_row_gap_tablet_extra&quot;:{&quot;unit&quot;:&quot;px&quot;,&quot;size&quot;:&quot;&quot;,&quot;sizes&quot;:[]},&quot;cards_row_gap_tablet&quot;:{&quot;unit&quot;:&quot;px&quot;,&quot;size&quot;:&quot;&quot;,&quot;sizes&quot;:[]},&quot;cards_row_gap_mobile_extra&quot;:{&quot;unit&quot;:&quot;px&quot;,&quot;size&quot;:&quot;&quot;,&quot;sizes&quot;:[]},&quot;cards_row_gap_mobile&quot;:{&quot;unit&quot;:&quot;px&quot;,&quot;size&quot;:&quot;&quot;,&quot;sizes&quot;:[]}}\" data-widget_type=\"posts.cards\">\n\t\t\t\t<div class=\"elementor-widget-container\">\n\t\t\t\t\t\t\t<div class=\"elementor-posts-container elementor-posts elementor-posts--skin-cards elementor-grid\" role=\"list\">\n\t\t\t\t<article class=\"elementor-post elementor-grid-item post-84027 players type-players status-publish has-post-thumbnail hentry sports-undergraduate\" role=\"listitem\">\n\t\t\t<div class=\"elementor-post__card\">\n\t\t\t\t<a class=\"elementor-post__thumbnail__link\" href=\"https:\/\/www.romecityinstitute.com\/it\/players\/elena-borin\/\" tabindex=\"-1\" ><div class=\"elementor-post__thumbnail\"><img fetchpriority=\"high\" decoding=\"async\" width=\"300\" height=\"300\" src=\"https:\/\/www.romecityinstitute.com\/wp-content\/uploads\/2023\/07\/Untitled-design-86-300x300.png\" class=\"attachment-medium size-medium wp-image-84002\" alt=\"\" srcset=\"https:\/\/www.romecityinstitute.com\/wp-content\/uploads\/2023\/07\/Untitled-design-86-300x300.png 300w, https:\/\/www.romecityinstitute.com\/wp-content\/uploads\/2023\/07\/Untitled-design-86-1024x1024.png 1024w, https:\/\/www.romecityinstitute.com\/wp-content\/uploads\/2023\/07\/Untitled-design-86-150x150.png 150w, https:\/\/www.romecityinstitute.com\/wp-content\/uploads\/2023\/07\/Untitled-design-86-768x768.png 768w, https:\/\/www.romecityinstitute.com\/wp-content\/uploads\/2023\/07\/Untitled-design-86-600x600.png 600w, https:\/\/www.romecityinstitute.com\/wp-content\/uploads\/2023\/07\/Untitled-design-86-100x100.png 100w, https:\/\/www.romecityinstitute.com\/wp-content\/uploads\/2023\/07\/Untitled-design-86.png 1080w\" sizes=\"(max-width: 300px) 100vw, 300px\" \/><\/div><\/a>\n\t\t\t\t<div class=\"elementor-post__avatar\">\n\t\t\t<img alt='rmariottini' src='https:\/\/secure.gravatar.com\/avatar\/7fc26e8bfbbf691f5c6b129f01ec21b369c6f446604c8990a4e4eb5c84798e77?s=128&#038;d=mm&#038;r=g' srcset='https:\/\/secure.gravatar.com\/avatar\/7fc26e8bfbbf691f5c6b129f01ec21b369c6f446604c8990a4e4eb5c84798e77?s=256&#038;d=mm&#038;r=g 2x' class='avatar avatar-128 photo' height='128' width='128' \/>\t\t<\/div>\n\t\t\t\t<div class=\"elementor-post__text\">\n\t\t\t\t<h3 class=\"elementor-post__title\">\n\t\t\t<a href=\"https:\/\/www.romecityinstitute.com\/it\/players\/elena-borin\/\" >\n\t\t\t\tElena Borin\t\t\t<\/a>\n\t\t<\/h3>\n\t\t\t\t<div class=\"elementor-post__excerpt\">\n\t\t\t<p>Professore<\/p>\n\t\t<\/div>\n\t\t\n\t\t<a class=\"elementor-post__read-more\" href=\"https:\/\/www.romecityinstitute.com\/it\/players\/elena-borin\/\" aria-label=\"Leggi tutto Elena Borin\" tabindex=\"-1\" >\n\t\t\tPer saperne di pi\u00f9 &quot;\t\t<\/a>\n\n\t\t\t\t<\/div>\n\t\t\t\t<div class=\"elementor-post__meta-data\">\n\t\t\t\t\t<span class=\"elementor-post-date\">\n\t\t\t18 Luglio 2023\t\t<\/span>\n\t\t\t\t<span class=\"elementor-post-avatar\">\n\t\t\tNessun commento\t\t<\/span>\n\t\t\t\t<\/div>\n\t\t\t\t\t<\/div>\n\t\t<\/article>\n\t\t\t\t<article class=\"elementor-post elementor-grid-item post-84019 players type-players status-publish has-post-thumbnail hentry sports-masters\" role=\"listitem\">\n\t\t\t<div class=\"elementor-post__card\">\n\t\t\t\t<a class=\"elementor-post__thumbnail__link\" href=\"https:\/\/www.romecityinstitute.com\/it\/players\/marco-montini\/\" tabindex=\"-1\" ><div class=\"elementor-post__thumbnail\"><img decoding=\"async\" width=\"300\" height=\"300\" src=\"https:\/\/www.romecityinstitute.com\/wp-content\/uploads\/2023\/06\/Marco-Montini-300x300.jpg\" class=\"attachment-medium size-medium wp-image-83868\" alt=\"\" srcset=\"https:\/\/www.romecityinstitute.com\/wp-content\/uploads\/2023\/06\/Marco-Montini-300x300.jpg 300w, https:\/\/www.romecityinstitute.com\/wp-content\/uploads\/2023\/06\/Marco-Montini-1024x1024.jpg 1024w, https:\/\/www.romecityinstitute.com\/wp-content\/uploads\/2023\/06\/Marco-Montini-150x150.jpg 150w, https:\/\/www.romecityinstitute.com\/wp-content\/uploads\/2023\/06\/Marco-Montini-768x768.jpg 768w, https:\/\/www.romecityinstitute.com\/wp-content\/uploads\/2023\/06\/Marco-Montini-1536x1536.jpg 1536w, https:\/\/www.romecityinstitute.com\/wp-content\/uploads\/2023\/06\/Marco-Montini-2048x2048.jpg 2048w, https:\/\/www.romecityinstitute.com\/wp-content\/uploads\/2023\/06\/Marco-Montini-600x600.jpg 600w, https:\/\/www.romecityinstitute.com\/wp-content\/uploads\/2023\/06\/Marco-Montini-100x100.jpg 100w\" sizes=\"(max-width: 300px) 100vw, 300px\" \/><\/div><\/a>\n\t\t\t\t<div class=\"elementor-post__avatar\">\n\t\t\t<img alt='rmariottini' src='https:\/\/secure.gravatar.com\/avatar\/7fc26e8bfbbf691f5c6b129f01ec21b369c6f446604c8990a4e4eb5c84798e77?s=128&#038;d=mm&#038;r=g' srcset='https:\/\/secure.gravatar.com\/avatar\/7fc26e8bfbbf691f5c6b129f01ec21b369c6f446604c8990a4e4eb5c84798e77?s=256&#038;d=mm&#038;r=g 2x' class='avatar avatar-128 photo' height='128' width='128' \/>\t\t<\/div>\n\t\t\t\t<div class=\"elementor-post__text\">\n\t\t\t\t<h3 class=\"elementor-post__title\">\n\t\t\t<a href=\"https:\/\/www.romecityinstitute.com\/it\/players\/marco-montini\/\" >\n\t\t\t\tMarco Montini\t\t\t<\/a>\n\t\t<\/h3>\n\t\t\t\t<div class=\"elementor-post__excerpt\">\n\t\t\t<p>Professore<\/p>\n\t\t<\/div>\n\t\t\n\t\t<a class=\"elementor-post__read-more\" href=\"https:\/\/www.romecityinstitute.com\/it\/players\/marco-montini\/\" aria-label=\"Leggi tutto Marco Montini\" tabindex=\"-1\" >\n\t\t\tPer saperne di pi\u00f9 &quot;\t\t<\/a>\n\n\t\t\t\t<\/div>\n\t\t\t\t<div class=\"elementor-post__meta-data\">\n\t\t\t\t\t<span class=\"elementor-post-date\">\n\t\t\t18 Luglio 2023\t\t<\/span>\n\t\t\t\t<span class=\"elementor-post-avatar\">\n\t\t\tNessun commento\t\t<\/span>\n\t\t\t\t<\/div>\n\t\t\t\t\t<\/div>\n\t\t<\/article>\n\t\t\t\t<\/div>\n\t\t\n\t\t\t\t\t\t<\/div>\n\t\t\t\t<\/div>\n\t\t\t\t\t<\/div>\n\t\t<\/div>\n\t\t\t\t\t<\/div>\n\t\t<\/section>\n\t\t\t\t<\/div>","protected":false},"excerpt":{"rendered":"<p>Our Players. Born to Lead the Game. In College Life Italia condividiamo la passione nella creazione di percorsi di successo. Dare la possibilit\u00e0 a giovani eccellenze di potersi completarsi attraverso un&#8217;esperienza internazionale \u00e8 la nostra pi\u00f9 grande soddisfazione<\/p>","protected":false},"author":1,"featured_media":0,"parent":0,"menu_order":0,"comment_status":"closed","ping_status":"closed","template":"","meta":{"_acf_changed":false,"_monsterinsights_skip_tracking":false,"_monsterinsights_sitenote_active":false,"_monsterinsights_sitenote_note":"","_monsterinsights_sitenote_category":0,"footnotes":""},"class_list":["post-81607","page","type-page","status-publish","hentry"],"acf":[],"yoast_head":"<!-- This site is optimized with the Yoast SEO plugin v26.5 - https:\/\/yoast.com\/wordpress\/plugins\/seo\/ -->\n<title>Roster - Rome City Institute<\/title>\n<meta name=\"robots\" content=\"index, follow, max-snippet:-1, max-image-preview:large, max-video-preview:-1\" \/>\n<link rel=\"canonical\" href=\"https:\/\/www.romecityinstitute.com\/it\/roster\/\" \/>\n<meta property=\"og:locale\" content=\"it_IT\" \/>\n<meta property=\"og:type\" content=\"article\" \/>\n<meta property=\"og:title\" content=\"Roster - Rome City Institute\" \/>\n<meta property=\"og:description\" content=\"Our Players. Born to Lead the Game. In College Life Italia condividiamo la passione nella creazione di percorsi di successo. Dare la possibilit\u00e0 a giovani eccellenze di potersi completarsi attraverso un&#8217;esperienza internazionale \u00e8 la nostra pi\u00f9 grande soddisfazione\" \/>\n<meta property=\"og:url\" content=\"https:\/\/www.romecityinstitute.com\/it\/roster\/\" \/>\n<meta property=\"og:site_name\" content=\"Rome City Institute\" \/>\n<meta property=\"article:publisher\" content=\"https:\/\/www.facebook.com\/OfficialRomeCity\" \/>\n<meta property=\"article:modified_time\" content=\"2022-12-23T09:09:10+00:00\" \/>\n<meta name=\"twitter:card\" content=\"summary_large_image\" \/>\n<meta name=\"twitter:site\" content=\"@RomeCityInst\" \/>\n<script type=\"application\/ld+json\" class=\"yoast-schema-graph\">{\"@context\":\"https:\/\/schema.org\",\"@graph\":[{\"@type\":\"WebPage\",\"@id\":\"https:\/\/www.romecityinstitute.com\/roster\/\",\"url\":\"https:\/\/www.romecityinstitute.com\/roster\/\",\"name\":\"Roster - Rome City Institute\",\"isPartOf\":{\"@id\":\"https:\/\/www.romecityinstitute.com\/#website\"},\"datePublished\":\"2022-12-23T09:08:46+00:00\",\"dateModified\":\"2022-12-23T09:09:10+00:00\",\"breadcrumb\":{\"@id\":\"https:\/\/www.romecityinstitute.com\/roster\/#breadcrumb\"},\"inLanguage\":\"it-IT\",\"potentialAction\":[{\"@type\":\"ReadAction\",\"target\":[\"https:\/\/www.romecityinstitute.com\/roster\/\"]}]},{\"@type\":\"BreadcrumbList\",\"@id\":\"https:\/\/www.romecityinstitute.com\/roster\/#breadcrumb\",\"itemListElement\":[{\"@type\":\"ListItem\",\"position\":1,\"name\":\"Home\",\"item\":\"https:\/\/www.romecityinstitute.com\/\"},{\"@type\":\"ListItem\",\"position\":2,\"name\":\"Roster\"}]},{\"@type\":\"WebSite\",\"@id\":\"https:\/\/www.romecityinstitute.com\/#website\",\"url\":\"https:\/\/www.romecityinstitute.com\/\",\"name\":\"Rome City Institute\",\"description\":\"\",\"publisher\":{\"@id\":\"https:\/\/www.romecityinstitute.com\/#organization\"},\"potentialAction\":[{\"@type\":\"SearchAction\",\"target\":{\"@type\":\"EntryPoint\",\"urlTemplate\":\"https:\/\/www.romecityinstitute.com\/?s={search_term_string}\"},\"query-input\":{\"@type\":\"PropertyValueSpecification\",\"valueRequired\":true,\"valueName\":\"search_term_string\"}}],\"inLanguage\":\"it-IT\"},{\"@type\":\"Organization\",\"@id\":\"https:\/\/www.romecityinstitute.com\/#organization\",\"name\":\"Rome City Institute\",\"url\":\"https:\/\/www.romecityinstitute.com\/\",\"logo\":{\"@type\":\"ImageObject\",\"inLanguage\":\"it-IT\",\"@id\":\"https:\/\/www.romecityinstitute.com\/#\/schema\/logo\/image\/\",\"url\":\"https:\/\/www.romecityinstitute.com\/wp-content\/uploads\/2022\/11\/ROME_CITY_INSTITUTE_HORIZONTAL_LOGO_POSITIVE_RGB-4.png\",\"contentUrl\":\"https:\/\/www.romecityinstitute.com\/wp-content\/uploads\/2022\/11\/ROME_CITY_INSTITUTE_HORIZONTAL_LOGO_POSITIVE_RGB-4.png\",\"width\":5086,\"height\":1536,\"caption\":\"Rome City Institute\"},\"image\":{\"@id\":\"https:\/\/www.romecityinstitute.com\/#\/schema\/logo\/image\/\"},\"sameAs\":[\"https:\/\/www.facebook.com\/OfficialRomeCity\",\"https:\/\/x.com\/RomeCityInst\",\"https:\/\/www.instagram.com\/romecityinstitute\/\"]}]}<\/script>\n<!-- \/ Yoast SEO plugin. -->","yoast_head_json":{"title":"Roster - Rome City Institute","robots":{"index":"index","follow":"follow","max-snippet":"max-snippet:-1","max-image-preview":"max-image-preview:large","max-video-preview":"max-video-preview:-1"},"canonical":"https:\/\/www.romecityinstitute.com\/it\/roster\/","og_locale":"it_IT","og_type":"article","og_title":"Roster - Rome City Institute","og_description":"Our Players. Born to Lead the Game. In College Life Italia condividiamo la passione nella creazione di percorsi di successo. Dare la possibilit\u00e0 a giovani eccellenze di potersi completarsi attraverso un&#8217;esperienza internazionale \u00e8 la nostra pi\u00f9 grande soddisfazione","og_url":"https:\/\/www.romecityinstitute.com\/it\/roster\/","og_site_name":"Rome City Institute","article_publisher":"https:\/\/www.facebook.com\/OfficialRomeCity","article_modified_time":"2022-12-23T09:09:10+00:00","twitter_card":"summary_large_image","twitter_site":"@RomeCityInst","schema":{"@context":"https:\/\/schema.org","@graph":[{"@type":"WebPage","@id":"https:\/\/www.romecityinstitute.com\/roster\/","url":"https:\/\/www.romecityinstitute.com\/roster\/","name":"Roster - Rome City Institute","isPartOf":{"@id":"https:\/\/www.romecityinstitute.com\/#website"},"datePublished":"2022-12-23T09:08:46+00:00","dateModified":"2022-12-23T09:09:10+00:00","breadcrumb":{"@id":"https:\/\/www.romecityinstitute.com\/roster\/#breadcrumb"},"inLanguage":"it-IT","potentialAction":[{"@type":"ReadAction","target":["https:\/\/www.romecityinstitute.com\/roster\/"]}]},{"@type":"BreadcrumbList","@id":"https:\/\/www.romecityinstitute.com\/roster\/#breadcrumb","itemListElement":[{"@type":"ListItem","position":1,"name":"Home","item":"https:\/\/www.romecityinstitute.com\/"},{"@type":"ListItem","position":2,"name":"Roster"}]},{"@type":"WebSite","@id":"https:\/\/www.romecityinstitute.com\/#website","url":"https:\/\/www.romecityinstitute.com\/","name":"Rome City Institute","description":"","publisher":{"@id":"https:\/\/www.romecityinstitute.com\/#organization"},"potentialAction":[{"@type":"SearchAction","target":{"@type":"EntryPoint","urlTemplate":"https:\/\/www.romecityinstitute.com\/?s={search_term_string}"},"query-input":{"@type":"PropertyValueSpecification","valueRequired":true,"valueName":"search_term_string"}}],"inLanguage":"it-IT"},{"@type":"Organization","@id":"https:\/\/www.romecityinstitute.com\/#organization","name":"Rome City Institute","url":"https:\/\/www.romecityinstitute.com\/","logo":{"@type":"ImageObject","inLanguage":"it-IT","@id":"https:\/\/www.romecityinstitute.com\/#\/schema\/logo\/image\/","url":"https:\/\/www.romecityinstitute.com\/wp-content\/uploads\/2022\/11\/ROME_CITY_INSTITUTE_HORIZONTAL_LOGO_POSITIVE_RGB-4.png","contentUrl":"https:\/\/www.romecityinstitute.com\/wp-content\/uploads\/2022\/11\/ROME_CITY_INSTITUTE_HORIZONTAL_LOGO_POSITIVE_RGB-4.png","width":5086,"height":1536,"caption":"Rome City Institute"},"image":{"@id":"https:\/\/www.romecityinstitute.com\/#\/schema\/logo\/image\/"},"sameAs":["https:\/\/www.facebook.com\/OfficialRomeCity","https:\/\/x.com\/RomeCityInst","https:\/\/www.instagram.com\/romecityinstitute\/"]}]}},"_links":{"self":[{"href":"https:\/\/www.romecityinstitute.com\/it\/wp-json\/wp\/v2\/pages\/81607","targetHints":{"allow":["GET"]}}],"collection":[{"href":"https:\/\/www.romecityinstitute.com\/it\/wp-json\/wp\/v2\/pages"}],"about":[{"href":"https:\/\/www.romecityinstitute.com\/it\/wp-json\/wp\/v2\/types\/page"}],"author":[{"embeddable":true,"href":"https:\/\/www.romecityinstitute.com\/it\/wp-json\/wp\/v2\/users\/1"}],"replies":[{"embeddable":true,"href":"https:\/\/www.romecityinstitute.com\/it\/wp-json\/wp\/v2\/comments?post=81607"}],"version-history":[{"count":0,"href":"https:\/\/www.romecityinstitute.com\/it\/wp-json\/wp\/v2\/pages\/81607\/revisions"}],"wp:attachment":[{"href":"https:\/\/www.romecityinstitute.com\/it\/wp-json\/wp\/v2\/media?parent=81607"}],"curies":[{"name":"wp","href":"https:\/\/api.w.org\/{rel}","templated":true}]}}